{"id":7378,"date":"2025-02-10T12:24:15","date_gmt":"2025-02-10T12:24:15","guid":{"rendered":"https:\/\/www.7rsa.pl\/?page_id=7378"},"modified":"2025-03-31T06:32:41","modified_gmt":"2025-03-31T06:32:41","slug":"7r-portfolio-peti-arealu","status":"publish","type":"page","link":"https:\/\/www.7rsa.pl\/cs\/7r-portfolio-peti-arealu\/","title":{"rendered":"7R Portfolio p\u011bti are\u00e1l\u016f"},"content":{"rendered":"\n<section class=\"breadcrumbs\">\n    <div class=\"container\">\n        <div class=\"breadcrumbs__mobile\">\n            <a href=\"https:\/\/www.7rsa.pl\" class=\"breadcrumbs__item breadcrumbs__item--link\" title=\"Domovsk\u00e1 str\u00e1nka\" target=\"\">\n                <i class=\"icon-arrow\"><\/i>\n                Domovsk\u00e1 str\u00e1nka            <\/a>\n        <\/div>\n        <div class=\"breadcrumbs__content\"><i class=\"icon-home\"><\/i><span><span><a href=\"https:\/\/www.7rsa.pl\/cs\/\">Home<\/a><\/span><\/span><\/div>    <\/div>\n<\/section>\n\n<section class=\"introduction\">\n    <div class=\"container\">\n        <div\n        class=\"introduction__content introduction__content-small\">\n            <div class=\"introduction__image-wrapper\">\n                <div\n                class=\"introduction__image\">\n                                                                        <picture class=\"lazyLoad\">\n                                <img loading=\"lazy\" decoding=\"async\" width=\"2000\" height=\"1332\" src=\"https:\/\/www.7rsa.pl\/wp-content\/uploads\/7R-Park-Kielce-2.jpeg\" class=\"attachment-fullwidth size-fullwidth\" alt=\"\" srcset=\"https:\/\/www.7rsa.pl\/wp-content\/uploads\/7R-Park-Kielce-2.jpeg 2000w, https:\/\/www.7rsa.pl\/wp-content\/uploads\/7R-Park-Kielce-2-300x200.jpeg 300w, https:\/\/www.7rsa.pl\/wp-content\/uploads\/7R-Park-Kielce-2-1024x682.jpeg 1024w, https:\/\/www.7rsa.pl\/wp-content\/uploads\/7R-Park-Kielce-2-768x511.jpeg 768w, https:\/\/www.7rsa.pl\/wp-content\/uploads\/7R-Park-Kielce-2-1536x1023.jpeg 1536w\" sizes=\"auto, (max-width: 2000px) 100vw, 2000px\" \/>                            <\/picture>\n                                                <svg xmlns=\"http:\/\/www.w3.org\/2000\/svg\" width=\"593.491\" height=\"672.717\"\n                            viewBox=\"0 0 593.491 672.717\">\n                            <defs>\n                                <style>.a7rlogo {\n                                        fill: none;\n                                        stroke: #fff;\n                                        opacity: 0.4;\n                                    }<\/style>\n                            <\/defs>\n                            <path class=\"a7rlogo\"\n                                d=\"M192.407,671.717,350.738,268.541H592.021L539.015,403.176H462.258L356.59,671.717ZM42.337,537.447,201.012,134.27H0L53.006,0H417.858L163.839,646.382Z\"\n                                transform=\"translate(0.735 0.5)\"\/>\n                        <\/svg>\n                                    <\/div>\n                <div class=\"scroll-btn\">\n                    <i class=\"icon-arrow\"><\/i>\n                <\/div>\n                            <\/div>\n            <div class=\"introduction__text text\">\n                                    <h2>Prodej portfolia p\u011bti logistick\u00fdch are\u00e1l\u016f INVESTIKA realitn\u00edmu fondu za v\u00edce ne\u017e 150 milion\u016f EUR<\/h2>\n<p>V prosinci 2024 dokon\u010dila spole\u010dnost 7R kl\u00ed\u010dovou transakci \u2013 prodej portfolia p\u011bti logistick\u00fdch nemovitost\u00ed v Polsku INVESTIKA realitn\u00edmu fondu a jeho joint-venture partnerovi spole\u010dnosti BUD Holdings. Tato transakce v hodnot\u011b p\u0159es 150 milion\u016f EUR p\u0159edstavuje nejv\u011bt\u0161\u00ed logistickou investici v Polsku za posledn\u00ed dva roky a jednu z nejv\u00fdznamn\u011bj\u0161\u00edch ve st\u0159edn\u00ed Evrop\u011b.<\/p>\n                                           <\/div>\n\n                    <\/div>\n    <\/div>\n<\/section>\n\n\n\n<section class=\"tabs\"  data-tabs-section>\n    <div class=\"container\">\n        <div class=\"tabs__content\">\n            <div class=\"tabs__image-wrapper\">\n                                    <picture class=\"lazyLoad tabs__image\">\n                        <img loading=\"lazy\" decoding=\"async\" width=\"2000\" height=\"1332\" src=\"https:\/\/www.7rsa.pl\/wp-content\/uploads\/7R-Park-Kielce-2.jpeg\" class=\"attachment-full size-full\" alt=\"\" srcset=\"https:\/\/www.7rsa.pl\/wp-content\/uploads\/7R-Park-Kielce-2.jpeg 2000w, https:\/\/www.7rsa.pl\/wp-content\/uploads\/7R-Park-Kielce-2-300x200.jpeg 300w, https:\/\/www.7rsa.pl\/wp-content\/uploads\/7R-Park-Kielce-2-1024x682.jpeg 1024w, https:\/\/www.7rsa.pl\/wp-content\/uploads\/7R-Park-Kielce-2-768x511.jpeg 768w, https:\/\/www.7rsa.pl\/wp-content\/uploads\/7R-Park-Kielce-2-1536x1023.jpeg 1536w\" sizes=\"auto, (max-width: 2000px) 100vw, 2000px\" \/>                    <\/picture>\n                                                <\/div>\n            <div class=\"tabs__text text\">\n                                                    <div class=\"tabs__nav swiper\">\n                        <div class=\"swiper-wrapper\">\n                                                            <div class=\"swiper-slide\">\n                                    <button data-tab-toggler data-tab-id=\"1\" data-tab-active=\"true\">Kl\u00ed\u010dov\u00e9 detaily transakce<\/button>\n                                <\/div>\n                                                        <\/div>\n                    <\/div>\n                    <div class=\"tabs__container\">\n                                                    <div class=\"tabs__tab\" data-tab-active=\"true\" data-tab-id=\"1\"><ul>\n<li><strong>Celkov\u00e1 velikost portfolia:<\/strong> 212 500 m\u00b2<\/li>\n<li><strong>Lokality:<\/strong> Krakov, Gda\u0148sk, Pozna\u0148, Bydho\u0161\u0165, Kielce<\/li>\n<li><strong>Kupuj\u00edc\u00ed:<\/strong> INVESTIKA realitn\u00ed fond (\u010cesk\u00e1 republika) ve spolupr\u00e1ci s BUD Holdings<\/li>\n<li><strong>Prod\u00e1vaj\u00edc\u00ed:<\/strong> 7R<\/li>\n<li><strong>Hodnota transakce:<\/strong> p\u0159es 150 milion\u016f EUR<\/li>\n<li><strong>N\u00e1jemci:<\/strong> T\u00e9m\u011b\u0159 30 spole\u010dnost\u00ed z oblasti logistiky, potravin\u00e1\u0159stv\u00ed, m\u00f3dy a e\u2011commerce, v\u010detn\u011b MyBOX, ROHLIG SUUS Logistics, LIDL a Odyssey<\/li>\n<li><strong>Poradci:<\/strong>\n<ul>\n<li><strong>Prod\u00e1vaj\u00edc\u00ed:<\/strong> A&amp;O Shearman<\/li>\n<li><strong>Kupuj\u00edc\u00ed:<\/strong> Linklaters, Colliers, Avison Young, REALS, CRIDO<\/li>\n<\/ul>\n<\/li>\n<\/ul>\n<\/div>\n                                            <\/div>\n                            <\/div>\n        <\/div>\n    <\/div>\n<\/section>\n\n\n<section class=\"services services--secondary\">\n    <div class=\"container\">\n        <div class=\"services__title\">\n                    <\/div>\n    <\/div>\n    <div class=\"services__container\">\n        <div class=\"services__bg\">\n            <svg xmlns=\"http:\/\/www.w3.org\/2000\/svg\" width=\"593.491\" height=\"672.717\"\n                 viewBox=\"0 0 593.491 672.717\">\n                <defs><\/defs>\n                <path class=\"a7rlogo\"\n                      d=\"M192.407,671.717,350.738,268.541H592.021L539.015,403.176H462.258L356.59,671.717ZM42.337,537.447,201.012,134.27H0L53.006,0H417.858L163.839,646.382Z\"\n                      transform=\"translate(0.735 0.5)\"\/>\n            <\/svg>\n        <\/div>\n        <div class=\"container\">\n            <div class=\"services__content\">\n                <div class=\"services__image\">\n                                            <picture class=\"lazyLoad\">\n                            <img loading=\"lazy\" decoding=\"async\" width=\"970\" height=\"970\" src=\"https:\/\/www.7rsa.pl\/wp-content\/uploads\/investika-1-e1741335886163.png\" class=\"attachment-fullwidth size-fullwidth\" alt=\"\" srcset=\"https:\/\/www.7rsa.pl\/wp-content\/uploads\/investika-1-e1741335886163.png 970w, https:\/\/www.7rsa.pl\/wp-content\/uploads\/investika-1-e1741335886163-300x300.png 300w, https:\/\/www.7rsa.pl\/wp-content\/uploads\/investika-1-e1741335886163-150x150.png 150w, https:\/\/www.7rsa.pl\/wp-content\/uploads\/investika-1-e1741335886163-768x768.png 768w\" sizes=\"auto, (max-width: 970px) 100vw, 970px\" \/>                        <\/picture>\n                                                        <\/div>\n                <div class=\"services__wrapper\">\n                    <div class=\"services__text text\">\n                                                                                                                    <div class=\"services__item\">\n                                                                            <h2>Pohled investor\u016f<\/h2>\n<p>INVESTIKA realitn\u00ed fond \u00fasp\u011b\u0161n\u011b p\u016fsob\u00ed na polsk\u00e9m realitn\u00edm trhu jako investor od roku 2021 a jsem r\u00e1d, \u017ee touto akvizic\u00ed d\u00e1le posilujeme na\u0161i pozici na nejv\u011bt\u0161\u00edm a nejstabiln\u011bj\u0161\u00edm trhu ve st\u0159edn\u00ed a v\u00fdchodn\u00ed Evrop\u011b. Portfolio p\u011bti logistick\u00fdch park\u016f, kter\u00e9 jsme od 7R z\u00edskali, tvo\u0159\u00ed vysoce kvalitn\u00ed pr\u016fmyslov\u00e9 nemovitosti, pln\u011b pronajat\u00e9 renomovan\u00fdm n\u00e1jemc\u016fm z v\u00fdrobn\u00edho, logistick\u00e9ho, maloobchodn\u00edho a e-commerce sektoru. Tato akvizice p\u0159isp\u011bje k sektorov\u00e9 vyv\u00e1\u017eenosti portfolia INVESTIKA realitn\u00edho fondu a k dosa\u017een\u00ed jeho dlouhodob\u00e9ho c\u00edlov\u00e9ho v\u00fdnosu 4\u20136 % ro\u010dn\u011b pro na\u0161e investory.<\/p>\n<p>&nbsp;<\/p>\n<h4>PETR \u010c\u00cd\u017dEK<\/h4>\n<p>P\u0159edseda p\u0159edstavenstva investi\u010dn\u00ed spole\u010dnosti INVESTIKA, kter\u00e1 obhospoda\u0159uje INVESTIKA realitn\u00ed fond<\/p>\n                                                                    <\/div>\n                                                                                            <div class=\"services__item\">\n                                                                            <p><em>Vedle na\u0161ich st\u00e1vaj\u00edc\u00edch investic, prim\u00e1rn\u011b do kancel\u00e1\u0159sk\u00fdch budov, jsme se rozhodli zam\u011b\u0159it tak\u00e9 na logistick\u00fd sektor. V\u011b\u0159\u00edme v budouc\u00ed r\u016fst hodnoty tohoto typu nemovitost\u00ed, zejm\u00e9na pokud jde o tak vysoce kvalitn\u00ed portfolio, jak\u00e9 bezpochyby p\u0159edstavuje 7R.<\/em><\/p>\n<p>&nbsp;<\/p>\n<h4>PAOLO PANICO<\/h4>\n<p>\u0158editel BUD Holdings<\/p>\n                                                                    <\/div>\n                                                                        <\/div>\n                <\/div>\n            <\/div>\n        <\/div>\n    <\/div>\n<\/section>\n","protected":false},"excerpt":{"rendered":"<p>Prodej portfolia p\u011bti logistick\u00fdch are\u00e1l\u016f INVESTIKA realitn\u00edmu fondu.<\/p>\n","protected":false},"author":21,"featured_media":7571,"parent":0,"menu_order":0,"comment_status":"closed","ping_status":"closed","template":"","meta":{"_acf_changed":false,"footnotes":""},"class_list":["post-7378","page","type-page","status-publish","has-post-thumbnail","hentry"],"acf":false,"yoast_head":"<!-- This site is optimized with the Yoast SEO plugin v26.9 - https:\/\/yoast.com\/product\/yoast-seo-wordpress\/ -->\n<title>7R Portfolio p\u011bti are\u00e1l\u016f - Grupa 7R - deweloper wysokiej jako\u015bci magazyn\u00f3w<\/title>\n<meta name=\"robots\" content=\"index, follow, max-snippet:-1, max-image-preview:large, max-video-preview:-1\" \/>\n<link rel=\"canonical\" href=\"https:\/\/www.7rsa.pl\/cs\/7r-portfolio-peti-arealu\/\" \/>\n<meta property=\"og:locale\" content=\"cs_CZ\" \/>\n<meta property=\"og:type\" content=\"article\" \/>\n<meta property=\"og:title\" content=\"7R Portfolio p\u011bti are\u00e1l\u016f - Grupa 7R - deweloper wysokiej jako\u015bci magazyn\u00f3w\" \/>\n<meta property=\"og:description\" content=\"Prodej portfolia p\u011bti logistick\u00fdch are\u00e1l\u016f INVESTIKA realitn\u00edmu fondu.\" \/>\n<meta property=\"og:url\" content=\"https:\/\/www.7rsa.pl\/cs\/7r-portfolio-peti-arealu\/\" \/>\n<meta property=\"og:site_name\" content=\"Grupa 7R - deweloper wysokiej jako\u015bci magazyn\u00f3w\" \/>\n<meta property=\"article:modified_time\" content=\"2025-03-31T06:32:41+00:00\" \/>\n<meta property=\"og:image\" content=\"https:\/\/www.7rsa.pl\/wp-content\/uploads\/7R-Park-Kielce-2.jpeg\" \/>\n\t<meta property=\"og:image:width\" content=\"2000\" \/>\n\t<meta property=\"og:image:height\" content=\"1332\" \/>\n\t<meta property=\"og:image:type\" content=\"image\/jpeg\" \/>\n<meta name=\"twitter:card\" content=\"summary_large_image\" \/>\n<meta name=\"twitter:label1\" content=\"Odhadovan\u00e1 doba \u010dten\u00ed\" \/>\n\t<meta name=\"twitter:data1\" content=\"1 minuta\" \/>\n<script type=\"application\/ld+json\" class=\"yoast-schema-graph\">{\"@context\":\"https:\/\/schema.org\",\"@graph\":[{\"@type\":\"WebPage\",\"@id\":\"https:\/\/www.7rsa.pl\/cs\/7r-portfolio-peti-arealu\/\",\"url\":\"https:\/\/www.7rsa.pl\/cs\/7r-portfolio-peti-arealu\/\",\"name\":\"7R Portfolio p\u011bti are\u00e1l\u016f - Grupa 7R - deweloper wysokiej jako\u015bci magazyn\u00f3w\",\"isPartOf\":{\"@id\":\"https:\/\/www.7rsa.pl\/cs\/#website\"},\"primaryImageOfPage\":{\"@id\":\"https:\/\/www.7rsa.pl\/cs\/7r-portfolio-peti-arealu\/#primaryimage\"},\"image\":{\"@id\":\"https:\/\/www.7rsa.pl\/cs\/7r-portfolio-peti-arealu\/#primaryimage\"},\"thumbnailUrl\":\"https:\/\/www.7rsa.pl\/wp-content\/uploads\/7R-Park-Kielce-2.jpeg\",\"datePublished\":\"2025-02-10T12:24:15+00:00\",\"dateModified\":\"2025-03-31T06:32:41+00:00\",\"breadcrumb\":{\"@id\":\"https:\/\/www.7rsa.pl\/cs\/7r-portfolio-peti-arealu\/#breadcrumb\"},\"inLanguage\":\"cs\",\"potentialAction\":[{\"@type\":\"ReadAction\",\"target\":[\"https:\/\/www.7rsa.pl\/cs\/7r-portfolio-peti-arealu\/\"]}]},{\"@type\":\"ImageObject\",\"inLanguage\":\"cs\",\"@id\":\"https:\/\/www.7rsa.pl\/cs\/7r-portfolio-peti-arealu\/#primaryimage\",\"url\":\"https:\/\/www.7rsa.pl\/wp-content\/uploads\/7R-Park-Kielce-2.jpeg\",\"contentUrl\":\"https:\/\/www.7rsa.pl\/wp-content\/uploads\/7R-Park-Kielce-2.jpeg\",\"width\":2000,\"height\":1332},{\"@type\":\"BreadcrumbList\",\"@id\":\"https:\/\/www.7rsa.pl\/cs\/7r-portfolio-peti-arealu\/#breadcrumb\",\"itemListElement\":[{\"@type\":\"ListItem\",\"position\":1,\"name\":\"Home\",\"item\":\"https:\/\/www.7rsa.pl\/cs\/\"},{\"@type\":\"ListItem\",\"position\":2,\"name\":\"7R Portfolio p\u011bti are\u00e1l\u016f\"}]},{\"@type\":\"WebSite\",\"@id\":\"https:\/\/www.7rsa.pl\/cs\/#website\",\"url\":\"https:\/\/www.7rsa.pl\/cs\/\",\"name\":\"Grupa 7R - deweloper wysokiej jako\u015bci magazyn\u00f3w\",\"description\":\"Magazyny logistyczne i hale magazynowe do wynaj\u0119cia - 7R\",\"potentialAction\":[{\"@type\":\"SearchAction\",\"target\":{\"@type\":\"EntryPoint\",\"urlTemplate\":\"https:\/\/www.7rsa.pl\/cs\/?s={search_term_string}\"},\"query-input\":{\"@type\":\"PropertyValueSpecification\",\"valueRequired\":true,\"valueName\":\"search_term_string\"}}],\"inLanguage\":\"cs\"}]}<\/script>\n<!-- \/ Yoast SEO plugin. -->","yoast_head_json":{"title":"7R Portfolio p\u011bti are\u00e1l\u016f - Grupa 7R - deweloper wysokiej jako\u015bci magazyn\u00f3w","robots":{"index":"index","follow":"follow","max-snippet":"max-snippet:-1","max-image-preview":"max-image-preview:large","max-video-preview":"max-video-preview:-1"},"canonical":"https:\/\/www.7rsa.pl\/cs\/7r-portfolio-peti-arealu\/","og_locale":"cs_CZ","og_type":"article","og_title":"7R Portfolio p\u011bti are\u00e1l\u016f - Grupa 7R - deweloper wysokiej jako\u015bci magazyn\u00f3w","og_description":"Prodej portfolia p\u011bti logistick\u00fdch are\u00e1l\u016f INVESTIKA realitn\u00edmu fondu.","og_url":"https:\/\/www.7rsa.pl\/cs\/7r-portfolio-peti-arealu\/","og_site_name":"Grupa 7R - deweloper wysokiej jako\u015bci magazyn\u00f3w","article_modified_time":"2025-03-31T06:32:41+00:00","og_image":[{"width":2000,"height":1332,"url":"https:\/\/www.7rsa.pl\/wp-content\/uploads\/7R-Park-Kielce-2.jpeg","type":"image\/jpeg"}],"twitter_card":"summary_large_image","twitter_misc":{"Odhadovan\u00e1 doba \u010dten\u00ed":"1 minuta"},"schema":{"@context":"https:\/\/schema.org","@graph":[{"@type":"WebPage","@id":"https:\/\/www.7rsa.pl\/cs\/7r-portfolio-peti-arealu\/","url":"https:\/\/www.7rsa.pl\/cs\/7r-portfolio-peti-arealu\/","name":"7R Portfolio p\u011bti are\u00e1l\u016f - Grupa 7R - deweloper wysokiej jako\u015bci magazyn\u00f3w","isPartOf":{"@id":"https:\/\/www.7rsa.pl\/cs\/#website"},"primaryImageOfPage":{"@id":"https:\/\/www.7rsa.pl\/cs\/7r-portfolio-peti-arealu\/#primaryimage"},"image":{"@id":"https:\/\/www.7rsa.pl\/cs\/7r-portfolio-peti-arealu\/#primaryimage"},"thumbnailUrl":"https:\/\/www.7rsa.pl\/wp-content\/uploads\/7R-Park-Kielce-2.jpeg","datePublished":"2025-02-10T12:24:15+00:00","dateModified":"2025-03-31T06:32:41+00:00","breadcrumb":{"@id":"https:\/\/www.7rsa.pl\/cs\/7r-portfolio-peti-arealu\/#breadcrumb"},"inLanguage":"cs","potentialAction":[{"@type":"ReadAction","target":["https:\/\/www.7rsa.pl\/cs\/7r-portfolio-peti-arealu\/"]}]},{"@type":"ImageObject","inLanguage":"cs","@id":"https:\/\/www.7rsa.pl\/cs\/7r-portfolio-peti-arealu\/#primaryimage","url":"https:\/\/www.7rsa.pl\/wp-content\/uploads\/7R-Park-Kielce-2.jpeg","contentUrl":"https:\/\/www.7rsa.pl\/wp-content\/uploads\/7R-Park-Kielce-2.jpeg","width":2000,"height":1332},{"@type":"BreadcrumbList","@id":"https:\/\/www.7rsa.pl\/cs\/7r-portfolio-peti-arealu\/#breadcrumb","itemListElement":[{"@type":"ListItem","position":1,"name":"Home","item":"https:\/\/www.7rsa.pl\/cs\/"},{"@type":"ListItem","position":2,"name":"7R Portfolio p\u011bti are\u00e1l\u016f"}]},{"@type":"WebSite","@id":"https:\/\/www.7rsa.pl\/cs\/#website","url":"https:\/\/www.7rsa.pl\/cs\/","name":"Grupa 7R - deweloper wysokiej jako\u015bci magazyn\u00f3w","description":"Magazyny logistyczne i hale magazynowe do wynaj\u0119cia - 7R","potentialAction":[{"@type":"SearchAction","target":{"@type":"EntryPoint","urlTemplate":"https:\/\/www.7rsa.pl\/cs\/?s={search_term_string}"},"query-input":{"@type":"PropertyValueSpecification","valueRequired":true,"valueName":"search_term_string"}}],"inLanguage":"cs"}]}},"_links":{"self":[{"href":"https:\/\/www.7rsa.pl\/cs\/wp-json\/wp\/v2\/pages\/7378","targetHints":{"allow":["GET"]}}],"collection":[{"href":"https:\/\/www.7rsa.pl\/cs\/wp-json\/wp\/v2\/pages"}],"about":[{"href":"https:\/\/www.7rsa.pl\/cs\/wp-json\/wp\/v2\/types\/page"}],"author":[{"embeddable":true,"href":"https:\/\/www.7rsa.pl\/cs\/wp-json\/wp\/v2\/users\/21"}],"replies":[{"embeddable":true,"href":"https:\/\/www.7rsa.pl\/cs\/wp-json\/wp\/v2\/comments?post=7378"}],"version-history":[{"count":4,"href":"https:\/\/www.7rsa.pl\/cs\/wp-json\/wp\/v2\/pages\/7378\/revisions"}],"predecessor-version":[{"id":7788,"href":"https:\/\/www.7rsa.pl\/cs\/wp-json\/wp\/v2\/pages\/7378\/revisions\/7788"}],"wp:featuredmedia":[{"embeddable":true,"href":"https:\/\/www.7rsa.pl\/cs\/wp-json\/wp\/v2\/media\/7571"}],"wp:attachment":[{"href":"https:\/\/www.7rsa.pl\/cs\/wp-json\/wp\/v2\/media?parent=7378"}],"curies":[{"name":"wp","href":"https:\/\/api.w.org\/{rel}","templated":true}]}}