{"id":3359,"date":"2024-02-22T08:17:53","date_gmt":"2024-02-22T08:17:53","guid":{"rendered":"https:\/\/84.205.178.176:20443\/?page_id=3359"},"modified":"2025-08-05T09:07:03","modified_gmt":"2025-08-05T09:07:03","slug":"contact","status":"publish","type":"page","link":"https:\/\/www.7rsa.pl\/en\/contact\/","title":{"rendered":"Contact"},"content":{"rendered":"\n<section class=\"breadcrumbs\">\n    <div class=\"container\">\n        <div class=\"breadcrumbs__mobile\">\n            <a href=\"https:\/\/www.7rsa.pl\" class=\"breadcrumbs__item breadcrumbs__item--link\" title=\"Home page\" target=\"\">\n                <i class=\"icon-arrow\"><\/i>\n                Home page            <\/a>\n        <\/div>\n        <div class=\"breadcrumbs__content\"><i class=\"icon-home\"><\/i><span><span><a href=\"https:\/\/www.7rsa.pl\/en\/\">Home<\/a><\/span><\/span><\/div>    <\/div>\n<\/section>\n\n\n<section class=\"contact\">\n    <div class=\"container\">\n        <div class=\"contact__content\">\n                            <h2 data-aos=\"fade-right\">Contact form<\/h2>\n                                        <div class=\"contact__form-cf7\" data-aos=\"fade-left\">\n                    \n<div class=\"wpcf7 no-js\" id=\"wpcf7-f3361-o1\" lang=\"pl-PL\" dir=\"ltr\" data-wpcf7-id=\"3361\">\n<div class=\"screen-reader-response\"><p role=\"status\" aria-live=\"polite\" aria-atomic=\"true\"><\/p> <ul><\/ul><\/div>\n<form action=\"\/en\/wp-json\/wp\/v2\/pages\/3359#wpcf7-f3361-o1\" method=\"post\" class=\"wpcf7-form init contact__form wpcf7-acceptance-as-validation\" aria-label=\"Formularz kontaktowy\" novalidate=\"novalidate\" data-status=\"init\">\n<fieldset class=\"hidden-fields-container\"><input type=\"hidden\" name=\"_wpcf7\" value=\"3361\" \/><input type=\"hidden\" name=\"_wpcf7_version\" value=\"6.1.4\" \/><input type=\"hidden\" name=\"_wpcf7_locale\" value=\"pl_PL\" \/><input type=\"hidden\" name=\"_wpcf7_unit_tag\" value=\"wpcf7-f3361-o1\" \/><input type=\"hidden\" name=\"_wpcf7_container_post\" value=\"0\" \/><input type=\"hidden\" name=\"_wpcf7_posted_data_hash\" value=\"\" \/><input type=\"hidden\" name=\"_wpcf7dtx_version\" value=\"5.0.4\" \/>\n<\/fieldset>\n<div class=\"contact__inputs\">\n    <div class=\"contact__group\">\n        <div class=\"form-group\">\n            <label class=\"form-group__label\"> E-MAIL ADDRESS\n                <span class=\"wpcf7-form-control-wrap\" data-name=\"your-email\"><input size=\"40\" maxlength=\"400\" class=\"wpcf7-form-control wpcf7-email wpcf7-validates-as-required wpcf7-text wpcf7-validates-as-email form-group__input\" id=\"email\" autocomplete=\"email\" aria-required=\"true\" aria-invalid=\"false\" placeholder=\"eg.john@example.com\" value=\"\" type=\"email\" name=\"your-email\" \/><\/span> <\/label>\n        <\/div>\n        <div class=\"form-group\">\n            <label class=\"form-group__label\"> TOPIC\n                <span class=\"wpcf7-form-control-wrap\" data-name=\"your-topics\"><select class=\"wpcf7-form-control wpcf7-select wpcf7-validates-as-required form-group__select\" id=\"topic\" aria-required=\"true\" aria-invalid=\"false\" name=\"your-topics\"><option value=\"\">choose from the list<\/option><option value=\"I want to rent a warehouse\">I want to rent a warehouse<\/option><option value=\"I want to send a business offer\">I want to send a business offer<\/option><option value=\"Other topics\">Other topics<\/option><\/select><\/span> <\/label>\n        <\/div>\n    <\/div>\n    <div class=\"form-group form-group--textarea\">\n        <label class=\"form-group__label\"> CONTENT\n            <span class=\"wpcf7-form-control-wrap\" data-name=\"your-message\"><textarea cols=\"40\" rows=\"10\" maxlength=\"400\" class=\"wpcf7-form-control wpcf7-textarea wpcf7-validates-as-required form-group__input\" id=\"text\" aria-required=\"true\" aria-invalid=\"false\" placeholder=\"Type your question here\" name=\"your-message\"><\/textarea><\/span>\n        <\/label>\n        <span class=\"letter-counter\">0\/400<\/span>\n    <\/div>\n  <\/div>\n<div class=\"contact__footer\">\n        <div>\n            <div class=\"form-group form-group--checkbox\" style=\"visibility: hidden; max-height: 0; pointer-events: none;\">\n                <span class=\"wpcf7-form-control-wrap\" data-name=\"check-all\"><span class=\"wpcf7-form-control wpcf7-checkbox wpcf7-exclusive-checkbox\"><span class=\"wpcf7-list-item first last\"><label><input type=\"checkbox\" name=\"check-all\" value=\"Check all\" \/><span class=\"wpcf7-list-item-label\">Check all<\/span><\/label><\/span><\/span><\/span>\n            <\/div>\n            <div class=\"form-group form-group--checkbox\">\n                <span class=\"wpcf7-form-control-wrap\" data-name=\"acceptance-data\"><span class=\"wpcf7-form-control wpcf7-acceptance\"><span class=\"wpcf7-list-item\"><label><input type=\"checkbox\" name=\"acceptance-data\" value=\"1\" aria-invalid=\"false\" \/><span class=\"wpcf7-list-item-label\">The administrator of the personal data contained in the form is 7R S.A. based in Krak\u00f3w, which can be contacted via email at <a href=\"mailto:administrator.rodo@7rsa.pl\">administrator.rodo@7rsa.pl<\/a>. Providing personal data is voluntary, but necessary to respond to the inquiry. Detailed information on the processing of our personal data can be found in the <a href=\"https:\/\/www.7rsa.pl\/en\/privacy-policy\">Privacy Policy<\/a><\/span><\/label><\/span><\/span><\/span>\n            <\/div>\n            <div class=\"form-group form-group--checkbox\">\n                <span class=\"wpcf7-form-control-wrap\" data-name=\"acceptance-marketing\"><span class=\"wpcf7-form-control wpcf7-acceptance optional\"><span class=\"wpcf7-list-item\"><label><input type=\"checkbox\" name=\"acceptance-marketing\" value=\"1\" aria-invalid=\"false\" \/><span class=\"wpcf7-list-item-label\">I consent to receiving commercial information and marketing materials from 7R S.A. to the email address provided in this form. My data will be processed in accordance with the <a href=\"https:\/\/www.7rsa.pl\/en\/privacy-policy\">Privacy Policy<\/a> *(optional field).<\/span><\/label><\/span><\/span><\/span>\n            <\/div>\n            <div class=\"form-group form-group--checkbox\">\n                <span class=\"wpcf7-form-control-wrap\" data-name=\"acceptance-marketing-share\"><span class=\"wpcf7-form-control wpcf7-acceptance optional\"><span class=\"wpcf7-list-item\"><label><input type=\"checkbox\" name=\"acceptance-marketing-share\" value=\"1\" aria-invalid=\"false\" \/><span class=\"wpcf7-list-item-label\">I consent to receiving commercial information and marketing materials from companies within the 7R group to the email address provided in this form. My data will be processed in accordance with the <a href=\"https:\/\/www.7rsa.pl\/en\/privacy-policy\">Privacy Policy<\/a> *(optional field).<\/span><\/label><\/span><\/span><\/span>\n            <\/div>\n        <\/div>\n        <input class=\"wpcf7-form-control wpcf7-submit has-spinner btn btn--primary\" type=\"submit\" value=\"Send\" \/>\n<\/div><div class=\"wpcf7-response-output\" aria-hidden=\"true\"><\/div>\n<\/form>\n<\/div>\n                <\/div>\n                    <\/div>\n    <\/div>\n<\/section>\n\n\n\n<section class=\"offices\">\n    <div class=\"offices-wrapper container\">\n                    <h2>Our offices<\/h2>\n                <div class=\"offices__content\">\n            <div class=\"container\">\n            <div class=\"offices__map\" id=\"map\"><\/div>\n            <\/div>\n            <div class=\"offices__localizations\">\n                                    \n                    <div class=\"offices__localization-wrapper\" data-title=\"Krak\u00f3w\">\n                        <div class='offices__localization text' data-lat=\"50.0357928\" data-long=\"19.9387281\"  data-id=\"0\">\n                                                            <h3>Krak\u00f3w<\/h3>\n                                                                                        <h4 class=\"offices__localization--red\">Office:<\/h4>\n                                                                                        <p>Sawig Office,<br \/>\r\nUl. Bonarka 8,<br \/>\r\n30-415 Krak\u00f3w,<\/p>\n                                                                                        <p class=\"offices__localization--link\"><a href=\"mailto:biuro@7rsa.pl\">biuro@7rsa.pl<\/a><\/p>\n                                                                                        <p class=\"offices__localization--link\"><a href=\"tel:+48124273064\">+48 12 427 30 64<\/a><\/p>\n                                                                                                                                                                    <\/div>\n                    <\/div>\n                                    \n                    <div class=\"offices__localization-wrapper\" data-title=\"Wroc\u0142aw\">\n                        <div class='offices__localization text' data-lat=\"51.042333\" data-long=\"16.968853\"  data-id=\"1\">\n                                                            <h3>Wroc\u0142aw<\/h3>\n                                                                                        <h4 class=\"offices__localization--red\">Office:<\/h4>\n                                                                                        <p>ul. Wroc\u0142awska 14\/U2A,<br \/>\r\n55-040 Bielany Wroc\u0142aw,<\/p>\n                                                                                        <p class=\"offices__localization--link\"><a href=\"mailto:biuro@7rsa.pl\">biuro@7rsa.pl<\/a><\/p>\n                                                                                        <p class=\"offices__localization--link\"><a href=\"tel:+48539362803\">+48 539 362 803<\/a><\/p>\n                                                                                                                                                                    <\/div>\n                    <\/div>\n                                    \n                    <div class=\"offices__localization-wrapper\" data-title=\"Warszawa\">\n                        <div class='offices__localization text' data-lat=\"52.242399258106\" data-long=\"21.012328863144\"  data-id=\"2\">\n                                                            <h3>Warszawa<\/h3>\n                                                                                        <h4 class=\"offices__localization--red\">Office:<\/h4>\n                                                                                        <p>Metropolitan,<br \/>\r\nPl. Pi\u0142sudskiego 3,<br \/>\r\n00-078 Warszawa,<\/p>\n                                                                                        <p class=\"offices__localization--link\"><a href=\"mailto:biuro@7rsa.pl\">biuro@7rsa.pl<\/a><\/p>\n                                                                                        <p class=\"offices__localization--link\"><a href=\"tel:+48222701393\">+48 22 270 13 93<\/a><\/p>\n                                                                                                                                                                    <\/div>\n                    <\/div>\n                                    \n                    <div class=\"offices__localization-wrapper\" data-title=\"Gda\u0144sk\">\n                        <div class='offices__localization text' data-lat=\"54.334573\" data-long=\"18.638116\"  data-id=\"3\">\n                                                            <h3>Gda\u0144sk<\/h3>\n                                                                                        <h4 class=\"offices__localization--red\">Office:<\/h4>\n                                                                                        <p>Matarnia Office Park<br \/>\r\nul. Budowlanych 68C,<br \/>\r\n80-298 Gda\u0144sk,<\/p>\n                                                                                        <p class=\"offices__localization--link\"><a href=\"mailto:biuro@7rsa.pl\">biuro@7rsa.pl<\/a><\/p>\n                                                                                        <p class=\"offices__localization--link\"><a href=\"tel:+48888864996\">+48 888 864 996<\/a><\/p>\n                                                                                                                                                                    <\/div>\n                    <\/div>\n                                    \n                    <div class=\"offices__localization-wrapper\" data-title=\"Praga\">\n                        <div class='offices__localization text' data-lat=\"50.070792\" data-long=\"14.433581\"  data-id=\"4\">\n                                                            <h3>Praga<\/h3>\n                                                                                        <h4 class=\"offices__localization--red\">Office:<\/h4>\n                                                                                        <p>7R Czech s.r.o<br \/>\r\nNR7 office<br \/>\r\nN\u00e1m\u011bst\u00ed republiky 7<br \/>\r\n110 00 Praha 1<\/p>\n                                                                                        <p class=\"offices__localization--link\"><a href=\"mailto:czech@7rsa.pl\">czech@7rsa.pl<\/a><\/p>\n                                                                                                                                                                                                <\/div>\n                    <\/div>\n                            <\/div>\n        <\/div>\n    <\/div>\n<\/section>\n\n\n\n<section class=\"registry\">\n    <div class=\"container\">\n                    <h2>Registry data<\/h2>\n                <div class=\"registry__content\">\n            <svg xmlns=\"http:\/\/www.w3.org\/2000\/svg\" width=\"593.491\" height=\"672.717\"\n                 viewBox=\"0 0 593.491 672.717\">\n                <defs>\n                    <style>.a7rlogo {\n                            fill: none;\n                            stroke: #fff;\n                            opacity: 0.4;\n                        }<\/style>\n                <\/defs>\n                <path class=\"a7rlogo\"\n                      d=\"M192.407,671.717,350.738,268.541H592.021L539.015,403.176H462.258L356.59,671.717ZM42.337,537.447,201.012,134.27H0L53.006,0H417.858L163.839,646.382Z\"\n                      transform=\"translate(0.735 0.5)\"\/>\n            <\/svg>\n            <div class=\"registry__left\">\n                                    <h4>7R SA Ludwinowska 7 30-331 Krak\u00f3w<\/h4>\n                            <\/div>\n            <div class=\"registry__text\">\n                                    <h4>NIP: 6772320831<\/h4>\n<p>S\u0105d Rejonowy dla Krakowa \u015ar\u00f3dmie\u015bcie w Krakowie,<\/p>\n<p>XI Wydzia\u0142 Gospodarczy Krajowego Rejestru S\u0105dowego, KRS: 0000379632,<\/p>\n<p>Kapita\u0142 zak\u0142adowy op\u0142acony w ca\u0142o\u015bci:\u00a0<strong>98 094 624,00 z\u0142<\/strong><\/p>\n                            <\/div>\n        <\/div>\n    <\/div>\n<\/section>\n\n\n\n<section class=\"join-us join-us--secondary\">\n    <div class=\"container\">\n                    <div class=\"join-us__head\">\n                <h2><\/h2>\n            <\/div>\n        \n        <!-- {% if editmode %} -->\n        <!-- <h2>{{ pimcore_input('joinus_title', {placeholder: 'Tytu\u0142 Sekcji'}) }}<\/h2>\n        <p>{{ pimcore_input('joinus_desc', {placeholder: 'Opis'}) }}<\/p> -->\n\n        <!-- <div style=\"margin-top: 20px\">{{ pimcore_image('joinus_image', {width: 500}) }}<\/div> -->\n\n        <div class=\"join-us__content\">\n            <picture class=\"join-us__image\" id=\"idpicture\">\n                                    <img decoding=\"async\" data-src=\"https:\/\/www.7rsa.pl\/wp-content\/uploads\/20240924_084012352_iOS-scaled.jpg\" width=\"436\" height=\"362\" alt=\"\" loading=\"lazy\" src=\"https:\/\/www.7rsa.pl\/wp-content\/uploads\/20240924_084012352_iOS-scaled.jpg\">\n                            <\/picture>\n            <div class=\"join-us__text text\">\n                <svg xmlns=\"http:\/\/www.w3.org\/2000\/svg\" width=\"593.491\" height=\"672.717\" viewBox=\"0 0 593.491 672.717\">\n                    <defs>\n                        <style>\n                            .a7rlogo {\n                                fill: none;\n                                stroke: #fff;\n                                opacity: 0.4;\n                            }\n                        <\/style>\n                    <\/defs>\n                    <path class=\"a7rlogo\" d=\"M192.407,671.717,350.738,268.541H592.021L539.015,403.176H462.258L356.59,671.717ZM42.337,537.447,201.012,134.27H0L53.006,0H417.858L163.839,646.382Z\" transform=\"translate(0.735 0.5)\" \/>\n                <\/svg>\n\n                <h2>Contact for press<\/h2>\n                                                                            <h4><strong>El\u017cbieta Laudy<\/strong><\/h4>\n                                        <p>Marketing &#038; Digital Manager<\/p>\n                                        <a href=\"tel:+48532856503\" class=\"btn btn--secondary\">+48 532 856 503<\/a>\n                                                            <a href=\"mailto:elzbieta.laudy@7rsa.pl\" class=\"btn btn--secondary\">elzbieta.laudy@7rsa.pl<\/a>\n                    \n                            <\/div>\n        <\/div>\n    <\/div>\n<\/section>\n\n    <section class=\"text-section text\"  >\n        <div class=\"container\">\n            <h3>Reporting system for Whistleblowers<\/h3>\n<h5><a href=\"https:\/\/7rgroup.vco.ey.com\/\" target=\"_blank\" rel=\"noopener\">Link for reporting irregularities<\/a><\/h5>\n<p>&nbsp;<\/p>\n<p>&nbsp;<\/p>\n        <\/div>\n    <\/section>\n","protected":false},"excerpt":{"rendered":"","protected":false},"author":21,"featured_media":0,"parent":0,"menu_order":0,"comment_status":"closed","ping_status":"closed","template":"","meta":{"_acf_changed":false,"footnotes":""},"class_list":["post-3359","page","type-page","status-publish","hentry"],"acf":false,"yoast_head":"<!-- This site is optimized with the Yoast SEO plugin v26.9 - https:\/\/yoast.com\/product\/yoast-seo-wordpress\/ -->\n<title>Contact - Grupa 7R - deweloper wysokiej jako\u015bci magazyn\u00f3w<\/title>\n<meta name=\"robots\" content=\"index, follow, max-snippet:-1, max-image-preview:large, max-video-preview:-1\" \/>\n<link rel=\"canonical\" href=\"https:\/\/www.7rsa.pl\/en\/contact\/\" \/>\n<meta property=\"og:locale\" content=\"en_US\" \/>\n<meta property=\"og:type\" content=\"article\" \/>\n<meta property=\"og:title\" content=\"Contact - Grupa 7R - deweloper wysokiej jako\u015bci magazyn\u00f3w\" \/>\n<meta property=\"og:url\" content=\"https:\/\/www.7rsa.pl\/en\/contact\/\" \/>\n<meta property=\"og:site_name\" content=\"Grupa 7R - deweloper wysokiej jako\u015bci magazyn\u00f3w\" \/>\n<meta property=\"article:modified_time\" content=\"2025-08-05T09:07:03+00:00\" \/>\n<meta name=\"twitter:card\" content=\"summary_large_image\" \/>\n<script type=\"application\/ld+json\" class=\"yoast-schema-graph\">{\"@context\":\"https:\/\/schema.org\",\"@graph\":[{\"@type\":\"WebPage\",\"@id\":\"https:\/\/www.7rsa.pl\/en\/contact\/\",\"url\":\"https:\/\/www.7rsa.pl\/en\/contact\/\",\"name\":\"Contact - Grupa 7R - deweloper wysokiej jako\u015bci magazyn\u00f3w\",\"isPartOf\":{\"@id\":\"https:\/\/www.7rsa.pl\/en\/#website\"},\"datePublished\":\"2024-02-22T08:17:53+00:00\",\"dateModified\":\"2025-08-05T09:07:03+00:00\",\"breadcrumb\":{\"@id\":\"https:\/\/www.7rsa.pl\/en\/contact\/#breadcrumb\"},\"inLanguage\":\"en-US\",\"potentialAction\":[{\"@type\":\"ReadAction\",\"target\":[\"https:\/\/www.7rsa.pl\/en\/contact\/\"]}]},{\"@type\":\"BreadcrumbList\",\"@id\":\"https:\/\/www.7rsa.pl\/en\/contact\/#breadcrumb\",\"itemListElement\":[{\"@type\":\"ListItem\",\"position\":1,\"name\":\"Home\",\"item\":\"https:\/\/www.7rsa.pl\/en\/\"},{\"@type\":\"ListItem\",\"position\":2,\"name\":\"Contact\"}]},{\"@type\":\"WebSite\",\"@id\":\"https:\/\/www.7rsa.pl\/en\/#website\",\"url\":\"https:\/\/www.7rsa.pl\/en\/\",\"name\":\"Grupa 7R - deweloper wysokiej jako\u015bci magazyn\u00f3w\",\"description\":\"Magazyny logistyczne i hale magazynowe do wynaj\u0119cia - 7R\",\"potentialAction\":[{\"@type\":\"SearchAction\",\"target\":{\"@type\":\"EntryPoint\",\"urlTemplate\":\"https:\/\/www.7rsa.pl\/en\/?s={search_term_string}\"},\"query-input\":{\"@type\":\"PropertyValueSpecification\",\"valueRequired\":true,\"valueName\":\"search_term_string\"}}],\"inLanguage\":\"en-US\"}]}<\/script>\n<!-- \/ Yoast SEO plugin. -->","yoast_head_json":{"title":"Contact - Grupa 7R - deweloper wysokiej jako\u015bci magazyn\u00f3w","robots":{"index":"index","follow":"follow","max-snippet":"max-snippet:-1","max-image-preview":"max-image-preview:large","max-video-preview":"max-video-preview:-1"},"canonical":"https:\/\/www.7rsa.pl\/en\/contact\/","og_locale":"en_US","og_type":"article","og_title":"Contact - Grupa 7R - deweloper wysokiej jako\u015bci magazyn\u00f3w","og_url":"https:\/\/www.7rsa.pl\/en\/contact\/","og_site_name":"Grupa 7R - deweloper wysokiej jako\u015bci magazyn\u00f3w","article_modified_time":"2025-08-05T09:07:03+00:00","twitter_card":"summary_large_image","schema":{"@context":"https:\/\/schema.org","@graph":[{"@type":"WebPage","@id":"https:\/\/www.7rsa.pl\/en\/contact\/","url":"https:\/\/www.7rsa.pl\/en\/contact\/","name":"Contact - Grupa 7R - deweloper wysokiej jako\u015bci magazyn\u00f3w","isPartOf":{"@id":"https:\/\/www.7rsa.pl\/en\/#website"},"datePublished":"2024-02-22T08:17:53+00:00","dateModified":"2025-08-05T09:07:03+00:00","breadcrumb":{"@id":"https:\/\/www.7rsa.pl\/en\/contact\/#breadcrumb"},"inLanguage":"en-US","potentialAction":[{"@type":"ReadAction","target":["https:\/\/www.7rsa.pl\/en\/contact\/"]}]},{"@type":"BreadcrumbList","@id":"https:\/\/www.7rsa.pl\/en\/contact\/#breadcrumb","itemListElement":[{"@type":"ListItem","position":1,"name":"Home","item":"https:\/\/www.7rsa.pl\/en\/"},{"@type":"ListItem","position":2,"name":"Contact"}]},{"@type":"WebSite","@id":"https:\/\/www.7rsa.pl\/en\/#website","url":"https:\/\/www.7rsa.pl\/en\/","name":"Grupa 7R - deweloper wysokiej jako\u015bci magazyn\u00f3w","description":"Magazyny logistyczne i hale magazynowe do wynaj\u0119cia - 7R","potentialAction":[{"@type":"SearchAction","target":{"@type":"EntryPoint","urlTemplate":"https:\/\/www.7rsa.pl\/en\/?s={search_term_string}"},"query-input":{"@type":"PropertyValueSpecification","valueRequired":true,"valueName":"search_term_string"}}],"inLanguage":"en-US"}]}},"_links":{"self":[{"href":"https:\/\/www.7rsa.pl\/en\/wp-json\/wp\/v2\/pages\/3359","targetHints":{"allow":["GET"]}}],"collection":[{"href":"https:\/\/www.7rsa.pl\/en\/wp-json\/wp\/v2\/pages"}],"about":[{"href":"https:\/\/www.7rsa.pl\/en\/wp-json\/wp\/v2\/types\/page"}],"author":[{"embeddable":true,"href":"https:\/\/www.7rsa.pl\/en\/wp-json\/wp\/v2\/users\/21"}],"replies":[{"embeddable":true,"href":"https:\/\/www.7rsa.pl\/en\/wp-json\/wp\/v2\/comments?post=3359"}],"version-history":[{"count":14,"href":"https:\/\/www.7rsa.pl\/en\/wp-json\/wp\/v2\/pages\/3359\/revisions"}],"predecessor-version":[{"id":8322,"href":"https:\/\/www.7rsa.pl\/en\/wp-json\/wp\/v2\/pages\/3359\/revisions\/8322"}],"wp:attachment":[{"href":"https:\/\/www.7rsa.pl\/en\/wp-json\/wp\/v2\/media?parent=3359"}],"curies":[{"name":"wp","href":"https:\/\/api.w.org\/{rel}","templated":true}]}}