{"id":3986,"date":"2024-01-31T12:07:43","date_gmt":"2024-01-31T12:07:43","guid":{"rendered":"https:\/\/84.205.178.176:20443\/?page_id=3986"},"modified":"2025-09-04T08:14:18","modified_gmt":"2025-09-04T08:14:18","slug":"capital-markets","status":"publish","type":"page","link":"https:\/\/www.7rsa.pl\/en\/capital-markets\/","title":{"rendered":"Capital Markets"},"content":{"rendered":"\n<section class=\"breadcrumbs\">\n    <div class=\"container\">\n        <div class=\"breadcrumbs__mobile\">\n            <a href=\"https:\/\/www.7rsa.pl\" class=\"breadcrumbs__item breadcrumbs__item--link\" title=\"Home page\" target=\"\">\n                <i class=\"icon-arrow\"><\/i>\n                Home page            <\/a>\n        <\/div>\n        <div class=\"breadcrumbs__content\"><i class=\"icon-home\"><\/i><span><span><a href=\"https:\/\/www.7rsa.pl\/en\/\">Home<\/a><\/span><\/span><\/div>    <\/div>\n<\/section>\n\n<section class=\"introduction\">\n    <div class=\"container\">\n        <div\n        class=\"introduction__content introduction__content-small\">\n            <div class=\"introduction__image-wrapper\">\n                <div\n                class=\"introduction__image\">\n                                                                        <picture class=\"lazyLoad\">\n                                <img loading=\"lazy\" decoding=\"async\" width=\"948\" height=\"632\" src=\"https:\/\/www.7rsa.pl\/wp-content\/uploads\/CM.png\" class=\"attachment-fullwidth size-fullwidth\" alt=\"\" srcset=\"https:\/\/www.7rsa.pl\/wp-content\/uploads\/CM.png 948w, https:\/\/www.7rsa.pl\/wp-content\/uploads\/CM-300x200.png 300w, https:\/\/www.7rsa.pl\/wp-content\/uploads\/CM-768x512.png 768w\" sizes=\"auto, (max-width: 948px) 100vw, 948px\" \/>                            <\/picture>\n                                                <svg xmlns=\"http:\/\/www.w3.org\/2000\/svg\" width=\"593.491\" height=\"672.717\"\n                            viewBox=\"0 0 593.491 672.717\">\n                            <defs>\n                                <style>.a7rlogo {\n                                        fill: none;\n                                        stroke: #fff;\n                                        opacity: 0.4;\n                                    }<\/style>\n                            <\/defs>\n                            <path class=\"a7rlogo\"\n                                d=\"M192.407,671.717,350.738,268.541H592.021L539.015,403.176H462.258L356.59,671.717ZM42.337,537.447,201.012,134.27H0L53.006,0H417.858L163.839,646.382Z\"\n                                transform=\"translate(0.735 0.5)\"\/>\n                        <\/svg>\n                                    <\/div>\n                <div class=\"scroll-btn\">\n                    <i class=\"icon-arrow\"><\/i>\n                <\/div>\n                            <\/div>\n            <div class=\"introduction__text text\">\n                                    <h1>Capital Markets<\/h1>\n<h5>At 7R, we create buildings of the future by improving their long-term value for investors and tenants. Our modern storage and production facilities are characterised above all by:<\/h5>\n<ul>\n<li>Excellent location<\/li>\n<li>Green solutions confirmed by BREEAM certification<\/li>\n<li>Increased energy efficiency<\/li>\n<li>Quality of workmanship exceeding market standards<\/li>\n<li>Design in accordance with ESG criteria<\/li>\n<\/ul>\n                                           <\/div>\n\n                    <\/div>\n    <\/div>\n<\/section>\n\n\n\n<section class=\"esg-gray benefits benefits--secondary benefits--tertiary\">\n    <div class=\"esg-gray__header benefits__header text\">\n        <div class=\"container\">\n                            <div class=\"benefits__data\">\n                    <div class=\"benefits__text\">\n                                                                                    <h2>Broad product portfolio<\/h2>\n                                                                                        <p>Our portfolio ranges from large-scale logistics centres to BTS (Built-to-Suit) warehouses, customised to specific tenant requirements, as well as City Flexes for the efficient last mile logistics. All warehouses for rent are built to the highest market standard.<\/p>\n<p>Capital Markets team at 7R is composed of experts with a multi-year experience in the various sectors of commercial real estate market. Our primary objective in working with investors is to ensure that the value of the investment portfolio is at its maximum.<\/p>\n<p>We work with a diverse group of investors that includes private equity funds, real estate companies and private investors.<\/p>\n                                                                        <\/div>\n                                                                        <picture class=\"lazyLoad benefits__image\">\n                                <img loading=\"lazy\" decoding=\"async\" width=\"1024\" height=\"542\" src=\"https:\/\/www.7rsa.pl\/wp-content\/uploads\/zdjecie_nowa-sekcja-1024x542.png\" class=\"attachment-large size-large\" alt=\"\" srcset=\"https:\/\/www.7rsa.pl\/wp-content\/uploads\/zdjecie_nowa-sekcja-1024x542.png 1024w, https:\/\/www.7rsa.pl\/wp-content\/uploads\/zdjecie_nowa-sekcja-300x159.png 300w, https:\/\/www.7rsa.pl\/wp-content\/uploads\/zdjecie_nowa-sekcja-768x407.png 768w, https:\/\/www.7rsa.pl\/wp-content\/uploads\/zdjecie_nowa-sekcja.png 1186w\" sizes=\"auto, (max-width: 1024px) 100vw, 1024px\" \/>                            <\/picture>\n                                                            <\/div>\n                    <\/div>\n    <\/div>\n    <\/section>\n\n\n<section class=\"benefits benefits--secondary slider-section\">\n    <div class=\"benefits__header text\">\n        <div class=\"container\">\n                                                <h2>We support our clients throughout the entire investment process<\/h2>\n                                    <\/div>\n    <\/div>\n        <div class=\"container\">\n        <div class=\"benefits__content slider-section__content\">\n            <div class=\"benefits-swiper swiper\">\n                <div class=\"swiper-wrapper\">\n                                                                                                <div class=\"swiper-slide\">\n                                <div class=\"swiper-slide__content\">\n                                    <div class=\"swiper-slide-default\">\n                                        <div class=\"swiper-slide__image\">\n                                                                                            <picture class=\"lazyLoad\">\n                                                    <img loading=\"lazy\" decoding=\"async\" width=\"75\" height=\"65\" src=\"https:\/\/www.7rsa.pl\/wp-content\/uploads\/ikonka_1.png\" class=\"attachment-large size-large\" alt=\"\" \/>                                                <\/picture>\n                                                                                    <\/div>\n                                        <div class=\"swiper-slide__text\">\n                                                                                            <h4>High quality investment products designed<\/h4>\n                                                                                                                                        <p>with ESG in mind<\/p>\n                                                                                    <\/div>\n                                    <\/div>\n                                    <div class=\"swiper-slide-hover\">\n                                                                                    <h3>Sustainable development lets you renovate the future<\/h3>\n                                                                            <\/div>\n                                <\/div>\n                            <\/div>\n                                                                                                                        <div class=\"swiper-slide\">\n                                <div class=\"swiper-slide__content\">\n                                    <div class=\"swiper-slide-default\">\n                                        <div class=\"swiper-slide__image\">\n                                                                                            <picture class=\"lazyLoad\">\n                                                    <img loading=\"lazy\" decoding=\"async\" width=\"74\" height=\"81\" src=\"https:\/\/www.7rsa.pl\/wp-content\/uploads\/ikonka_2.png\" class=\"attachment-large size-large\" alt=\"\" \/>                                                <\/picture>\n                                                                                    <\/div>\n                                        <div class=\"swiper-slide__text\">\n                                                                                            <h4>Experienced team of experts<\/h4>\n                                                                                                                                        <p>to guide you through the entire investment process<\/p>\n                                                                                    <\/div>\n                                    <\/div>\n                                    <div class=\"swiper-slide-hover\">\n                                                                                    <h3>Strong business relationships to facilitate good investments\r\n<\/h3>\n                                                                            <\/div>\n                                <\/div>\n                            <\/div>\n                                                                                                                        <div class=\"swiper-slide\">\n                                <div class=\"swiper-slide__content\">\n                                    <div class=\"swiper-slide-default\">\n                                        <div class=\"swiper-slide__image\">\n                                                                                            <picture class=\"lazyLoad\">\n                                                    <img loading=\"lazy\" decoding=\"async\" width=\"67\" height=\"71\" src=\"https:\/\/www.7rsa.pl\/wp-content\/uploads\/ikonka_3.png\" class=\"attachment-large size-large\" alt=\"\" \/>                                                <\/picture>\n                                                                                    <\/div>\n                                        <div class=\"swiper-slide__text\">\n                                                                                            <h4>Excellent knowledge of the market<\/h4>\n                                                                                                                                        <p>as well as the formal and legal regulations<\/p>\n                                                                                    <\/div>\n                                    <\/div>\n                                    <div class=\"swiper-slide-hover\">\n                                                                                    <h3>Diligently built relations for appealing investments<\/h3>\n                                                                            <\/div>\n                                <\/div>\n                            <\/div>\n                                                                                <\/div>\n            <\/div>\n            <div class=\"swiper-pagination\">\n                <div class=\"container\"><\/div>\n            <\/div>\n        <\/div>\n    <\/div>\n    <\/section>\n\n\n<section class=\"join-us join-us--secondary\">\n    <div class=\"container\">\n                    <div class=\"join-us__head\">\n                <h2><\/h2>\n            <\/div>\n        \n        <!-- {% if editmode %} -->\n        <!-- <h2>{{ pimcore_input('joinus_title', {placeholder: 'Tytu\u0142 Sekcji'}) }}<\/h2>\n        <p>{{ pimcore_input('joinus_desc', {placeholder: 'Opis'}) }}<\/p> -->\n\n        <!-- <div style=\"margin-top: 20px\">{{ pimcore_image('joinus_image', {width: 500}) }}<\/div> -->\n\n        <div class=\"join-us__content\">\n            <picture class=\"join-us__image\" id=\"idpicture\">\n                                    <img decoding=\"async\" data-src=\"https:\/\/www.7rsa.pl\/wp-content\/uploads\/Katarzyna-Feldy.png\" width=\"436\" height=\"362\" alt=\"\" loading=\"lazy\" src=\"https:\/\/www.7rsa.pl\/wp-content\/uploads\/Katarzyna-Feldy.png\">\n                            <\/picture>\n            <div class=\"join-us__text text\">\n                <svg xmlns=\"http:\/\/www.w3.org\/2000\/svg\" width=\"593.491\" height=\"672.717\" viewBox=\"0 0 593.491 672.717\">\n                    <defs>\n                        <style>\n                            .a7rlogo {\n                                fill: none;\n                                stroke: #fff;\n                                opacity: 0.4;\n                            }\n                        <\/style>\n                    <\/defs>\n                    <path class=\"a7rlogo\" d=\"M192.407,671.717,350.738,268.541H592.021L539.015,403.176H462.258L356.59,671.717ZM42.337,537.447,201.012,134.27H0L53.006,0H417.858L163.839,646.382Z\" transform=\"translate(0.735 0.5)\" \/>\n                <\/svg>\n\n                <h2>Looking for support?<\/h2>\n                                                        <div class=\"join-us__text--description\"><p>Please contact one of our experts.<\/p>\n<\/div>\n                                                            <h4><strong>Katarzyna Feldy<\/strong><\/h4>\n                                        <p>Transaction Director<\/p>\n                                        <a href=\"tel:+48734439576\" class=\"btn btn--secondary\">+48 734 439 576<\/a>\n                                                            <a href=\"mailto:katarzyna.feldy@7rsa.pl\" class=\"btn btn--secondary\">katarzyna.feldy@7rsa.pl<\/a>\n                    \n                            <\/div>\n        <\/div>\n    <\/div>\n<\/section>\n\n\n<section class=\"contact --no-bottom-margin\">\n    <div class=\"container\">\n        <div class=\"contact__content\">\n                            <h2 data-aos=\"fade-right\">Contact us<\/h2>\n                                        <div class=\"contact__form-cf7\" data-aos=\"fade-left\">\n                    \n<div class=\"wpcf7 no-js\" id=\"wpcf7-f3361-o1\" lang=\"pl-PL\" dir=\"ltr\" data-wpcf7-id=\"3361\">\n<div class=\"screen-reader-response\"><p role=\"status\" aria-live=\"polite\" aria-atomic=\"true\"><\/p> <ul><\/ul><\/div>\n<form action=\"\/en\/wp-json\/wp\/v2\/pages\/3986#wpcf7-f3361-o1\" method=\"post\" class=\"wpcf7-form init contact__form wpcf7-acceptance-as-validation\" aria-label=\"Formularz kontaktowy\" novalidate=\"novalidate\" data-status=\"init\">\n<fieldset class=\"hidden-fields-container\"><input type=\"hidden\" name=\"_wpcf7\" value=\"3361\" \/><input type=\"hidden\" name=\"_wpcf7_version\" value=\"6.1.4\" \/><input type=\"hidden\" name=\"_wpcf7_locale\" value=\"pl_PL\" \/><input type=\"hidden\" name=\"_wpcf7_unit_tag\" value=\"wpcf7-f3361-o1\" \/><input type=\"hidden\" name=\"_wpcf7_container_post\" value=\"0\" \/><input type=\"hidden\" name=\"_wpcf7_posted_data_hash\" value=\"\" \/><input type=\"hidden\" name=\"_wpcf7dtx_version\" value=\"5.0.4\" \/>\n<\/fieldset>\n<div class=\"contact__inputs\">\n    <div class=\"contact__group\">\n        <div class=\"form-group\">\n            <label class=\"form-group__label\"> E-MAIL ADDRESS\n                <span class=\"wpcf7-form-control-wrap\" data-name=\"your-email\"><input size=\"40\" maxlength=\"400\" class=\"wpcf7-form-control wpcf7-email wpcf7-validates-as-required wpcf7-text wpcf7-validates-as-email form-group__input\" id=\"email\" autocomplete=\"email\" aria-required=\"true\" aria-invalid=\"false\" placeholder=\"eg.john@example.com\" value=\"\" type=\"email\" name=\"your-email\" \/><\/span> <\/label>\n        <\/div>\n        <div class=\"form-group\">\n            <label class=\"form-group__label\"> TOPIC\n                <span class=\"wpcf7-form-control-wrap\" data-name=\"your-topics\"><select class=\"wpcf7-form-control wpcf7-select wpcf7-validates-as-required form-group__select\" id=\"topic\" aria-required=\"true\" aria-invalid=\"false\" name=\"your-topics\"><option value=\"\">choose from the list<\/option><option value=\"I want to rent a warehouse\">I want to rent a warehouse<\/option><option value=\"I want to send a business offer\">I want to send a business offer<\/option><option value=\"Other topics\">Other topics<\/option><\/select><\/span> <\/label>\n        <\/div>\n    <\/div>\n    <div class=\"form-group form-group--textarea\">\n        <label class=\"form-group__label\"> CONTENT\n            <span class=\"wpcf7-form-control-wrap\" data-name=\"your-message\"><textarea cols=\"40\" rows=\"10\" maxlength=\"400\" class=\"wpcf7-form-control wpcf7-textarea wpcf7-validates-as-required form-group__input\" id=\"text\" aria-required=\"true\" aria-invalid=\"false\" placeholder=\"Type your question here\" name=\"your-message\"><\/textarea><\/span>\n        <\/label>\n        <span class=\"letter-counter\">0\/400<\/span>\n    <\/div>\n  <\/div>\n<div class=\"contact__footer\">\n        <div>\n            <div class=\"form-group form-group--checkbox\" style=\"visibility: hidden; max-height: 0; pointer-events: none;\">\n                <span class=\"wpcf7-form-control-wrap\" data-name=\"check-all\"><span class=\"wpcf7-form-control wpcf7-checkbox wpcf7-exclusive-checkbox\"><span class=\"wpcf7-list-item first last\"><label><input type=\"checkbox\" name=\"check-all\" value=\"Check all\" \/><span class=\"wpcf7-list-item-label\">Check all<\/span><\/label><\/span><\/span><\/span>\n            <\/div>\n            <div class=\"form-group form-group--checkbox\">\n                <span class=\"wpcf7-form-control-wrap\" data-name=\"acceptance-data\"><span class=\"wpcf7-form-control wpcf7-acceptance\"><span class=\"wpcf7-list-item\"><label><input type=\"checkbox\" name=\"acceptance-data\" value=\"1\" aria-invalid=\"false\" \/><span class=\"wpcf7-list-item-label\">The administrator of the personal data contained in the form is 7R S.A. based in Krak\u00f3w, which can be contacted via email at <a href=\"mailto:administrator.rodo@7rsa.pl\">administrator.rodo@7rsa.pl<\/a>. Providing personal data is voluntary, but necessary to respond to the inquiry. Detailed information on the processing of our personal data can be found in the <a href=\"https:\/\/www.7rsa.pl\/en\/privacy-policy\">Privacy Policy<\/a><\/span><\/label><\/span><\/span><\/span>\n            <\/div>\n            <div class=\"form-group form-group--checkbox\">\n                <span class=\"wpcf7-form-control-wrap\" data-name=\"acceptance-marketing\"><span class=\"wpcf7-form-control wpcf7-acceptance optional\"><span class=\"wpcf7-list-item\"><label><input type=\"checkbox\" name=\"acceptance-marketing\" value=\"1\" aria-invalid=\"false\" \/><span class=\"wpcf7-list-item-label\">I consent to receiving commercial information and marketing materials from 7R S.A. to the email address provided in this form. My data will be processed in accordance with the <a href=\"https:\/\/www.7rsa.pl\/en\/privacy-policy\">Privacy Policy<\/a> *(optional field).<\/span><\/label><\/span><\/span><\/span>\n            <\/div>\n            <div class=\"form-group form-group--checkbox\">\n                <span class=\"wpcf7-form-control-wrap\" data-name=\"acceptance-marketing-share\"><span class=\"wpcf7-form-control wpcf7-acceptance optional\"><span class=\"wpcf7-list-item\"><label><input type=\"checkbox\" name=\"acceptance-marketing-share\" value=\"1\" aria-invalid=\"false\" \/><span class=\"wpcf7-list-item-label\">I consent to receiving commercial information and marketing materials from companies within the 7R group to the email address provided in this form. My data will be processed in accordance with the <a href=\"https:\/\/www.7rsa.pl\/en\/privacy-policy\">Privacy Policy<\/a> *(optional field).<\/span><\/label><\/span><\/span><\/span>\n            <\/div>\n        <\/div>\n        <input class=\"wpcf7-form-control wpcf7-submit has-spinner btn btn--primary\" type=\"submit\" value=\"Send\" \/>\n<\/div><div class=\"wpcf7-response-output\" aria-hidden=\"true\"><\/div>\n<\/form>\n<\/div>\n                <\/div>\n                    <\/div>\n    <\/div>\n<\/section>\n","protected":false},"excerpt":{"rendered":"","protected":false},"author":21,"featured_media":0,"parent":0,"menu_order":0,"comment_status":"closed","ping_status":"closed","template":"","meta":{"_acf_changed":false,"footnotes":""},"class_list":["post-3986","page","type-page","status-publish","hentry"],"acf":false,"yoast_head":"<!-- This site is optimized with the Yoast SEO plugin v26.9 - https:\/\/yoast.com\/product\/yoast-seo-wordpress\/ -->\n<title>Capital Markets - Grupa 7R - deweloper wysokiej jako\u015bci magazyn\u00f3w<\/title>\n<meta name=\"robots\" content=\"index, follow, max-snippet:-1, max-image-preview:large, max-video-preview:-1\" \/>\n<link rel=\"canonical\" href=\"https:\/\/www.7rsa.pl\/en\/capital-markets\/\" \/>\n<meta property=\"og:locale\" content=\"en_US\" \/>\n<meta property=\"og:type\" content=\"article\" \/>\n<meta property=\"og:title\" content=\"Capital Markets - Grupa 7R - deweloper wysokiej jako\u015bci magazyn\u00f3w\" \/>\n<meta property=\"og:url\" content=\"https:\/\/www.7rsa.pl\/en\/capital-markets\/\" \/>\n<meta property=\"og:site_name\" content=\"Grupa 7R - deweloper wysokiej jako\u015bci magazyn\u00f3w\" \/>\n<meta property=\"article:modified_time\" content=\"2025-09-04T08:14:18+00:00\" \/>\n<meta name=\"twitter:card\" content=\"summary_large_image\" \/>\n<script type=\"application\/ld+json\" class=\"yoast-schema-graph\">{\"@context\":\"https:\/\/schema.org\",\"@graph\":[{\"@type\":\"WebPage\",\"@id\":\"https:\/\/www.7rsa.pl\/en\/capital-markets\/\",\"url\":\"https:\/\/www.7rsa.pl\/en\/capital-markets\/\",\"name\":\"Capital Markets - Grupa 7R - deweloper wysokiej jako\u015bci magazyn\u00f3w\",\"isPartOf\":{\"@id\":\"https:\/\/www.7rsa.pl\/en\/#website\"},\"datePublished\":\"2024-01-31T12:07:43+00:00\",\"dateModified\":\"2025-09-04T08:14:18+00:00\",\"breadcrumb\":{\"@id\":\"https:\/\/www.7rsa.pl\/en\/capital-markets\/#breadcrumb\"},\"inLanguage\":\"en-US\",\"potentialAction\":[{\"@type\":\"ReadAction\",\"target\":[\"https:\/\/www.7rsa.pl\/en\/capital-markets\/\"]}]},{\"@type\":\"BreadcrumbList\",\"@id\":\"https:\/\/www.7rsa.pl\/en\/capital-markets\/#breadcrumb\",\"itemListElement\":[{\"@type\":\"ListItem\",\"position\":1,\"name\":\"Home\",\"item\":\"https:\/\/www.7rsa.pl\/en\/\"},{\"@type\":\"ListItem\",\"position\":2,\"name\":\"Capital Markets\"}]},{\"@type\":\"WebSite\",\"@id\":\"https:\/\/www.7rsa.pl\/en\/#website\",\"url\":\"https:\/\/www.7rsa.pl\/en\/\",\"name\":\"Grupa 7R - deweloper wysokiej jako\u015bci magazyn\u00f3w\",\"description\":\"Magazyny logistyczne i hale magazynowe do wynaj\u0119cia - 7R\",\"potentialAction\":[{\"@type\":\"SearchAction\",\"target\":{\"@type\":\"EntryPoint\",\"urlTemplate\":\"https:\/\/www.7rsa.pl\/en\/?s={search_term_string}\"},\"query-input\":{\"@type\":\"PropertyValueSpecification\",\"valueRequired\":true,\"valueName\":\"search_term_string\"}}],\"inLanguage\":\"en-US\"}]}<\/script>\n<!-- \/ Yoast SEO plugin. -->","yoast_head_json":{"title":"Capital Markets - Grupa 7R - deweloper wysokiej jako\u015bci magazyn\u00f3w","robots":{"index":"index","follow":"follow","max-snippet":"max-snippet:-1","max-image-preview":"max-image-preview:large","max-video-preview":"max-video-preview:-1"},"canonical":"https:\/\/www.7rsa.pl\/en\/capital-markets\/","og_locale":"en_US","og_type":"article","og_title":"Capital Markets - Grupa 7R - deweloper wysokiej jako\u015bci magazyn\u00f3w","og_url":"https:\/\/www.7rsa.pl\/en\/capital-markets\/","og_site_name":"Grupa 7R - deweloper wysokiej jako\u015bci magazyn\u00f3w","article_modified_time":"2025-09-04T08:14:18+00:00","twitter_card":"summary_large_image","schema":{"@context":"https:\/\/schema.org","@graph":[{"@type":"WebPage","@id":"https:\/\/www.7rsa.pl\/en\/capital-markets\/","url":"https:\/\/www.7rsa.pl\/en\/capital-markets\/","name":"Capital Markets - Grupa 7R - deweloper wysokiej jako\u015bci magazyn\u00f3w","isPartOf":{"@id":"https:\/\/www.7rsa.pl\/en\/#website"},"datePublished":"2024-01-31T12:07:43+00:00","dateModified":"2025-09-04T08:14:18+00:00","breadcrumb":{"@id":"https:\/\/www.7rsa.pl\/en\/capital-markets\/#breadcrumb"},"inLanguage":"en-US","potentialAction":[{"@type":"ReadAction","target":["https:\/\/www.7rsa.pl\/en\/capital-markets\/"]}]},{"@type":"BreadcrumbList","@id":"https:\/\/www.7rsa.pl\/en\/capital-markets\/#breadcrumb","itemListElement":[{"@type":"ListItem","position":1,"name":"Home","item":"https:\/\/www.7rsa.pl\/en\/"},{"@type":"ListItem","position":2,"name":"Capital Markets"}]},{"@type":"WebSite","@id":"https:\/\/www.7rsa.pl\/en\/#website","url":"https:\/\/www.7rsa.pl\/en\/","name":"Grupa 7R - deweloper wysokiej jako\u015bci magazyn\u00f3w","description":"Magazyny logistyczne i hale magazynowe do wynaj\u0119cia - 7R","potentialAction":[{"@type":"SearchAction","target":{"@type":"EntryPoint","urlTemplate":"https:\/\/www.7rsa.pl\/en\/?s={search_term_string}"},"query-input":{"@type":"PropertyValueSpecification","valueRequired":true,"valueName":"search_term_string"}}],"inLanguage":"en-US"}]}},"_links":{"self":[{"href":"https:\/\/www.7rsa.pl\/en\/wp-json\/wp\/v2\/pages\/3986","targetHints":{"allow":["GET"]}}],"collection":[{"href":"https:\/\/www.7rsa.pl\/en\/wp-json\/wp\/v2\/pages"}],"about":[{"href":"https:\/\/www.7rsa.pl\/en\/wp-json\/wp\/v2\/types\/page"}],"author":[{"embeddable":true,"href":"https:\/\/www.7rsa.pl\/en\/wp-json\/wp\/v2\/users\/21"}],"replies":[{"embeddable":true,"href":"https:\/\/www.7rsa.pl\/en\/wp-json\/wp\/v2\/comments?post=3986"}],"version-history":[{"count":7,"href":"https:\/\/www.7rsa.pl\/en\/wp-json\/wp\/v2\/pages\/3986\/revisions"}],"predecessor-version":[{"id":8787,"href":"https:\/\/www.7rsa.pl\/en\/wp-json\/wp\/v2\/pages\/3986\/revisions\/8787"}],"wp:attachment":[{"href":"https:\/\/www.7rsa.pl\/en\/wp-json\/wp\/v2\/media?parent=3986"}],"curies":[{"name":"wp","href":"https:\/\/api.w.org\/{rel}","templated":true}]}}