{"id":3991,"date":"2024-01-31T12:08:54","date_gmt":"2024-01-31T12:08:54","guid":{"rendered":"https:\/\/84.205.178.176:20443\/?page_id=3991"},"modified":"2025-01-15T12:07:41","modified_gmt":"2025-01-15T12:07:41","slug":"career","status":"publish","type":"page","link":"https:\/\/www.7rsa.pl\/en\/about-us\/career\/","title":{"rendered":"Career"},"content":{"rendered":"\n<section class=\"breadcrumbs grey-bg-padding\">\n    <div class=\"container\">\n        <div class=\"breadcrumbs__mobile\">\n            <a href=\"https:\/\/www.7rsa.pl\" class=\"breadcrumbs__item breadcrumbs__item--link\" title=\"Home page\" target=\"\">\n                <i class=\"icon-arrow\"><\/i>\n                Home page            <\/a>\n        <\/div>\n        <div class=\"breadcrumbs__content\"><i class=\"icon-home\"><\/i><span><span><a href=\"https:\/\/www.7rsa.pl\/en\/\">Home<\/a><\/span><\/span><\/div>    <\/div>\n<\/section>\n\n<section class=\"introduction introduction--park\">\n    <div class=\"container\">\n        <div\n        class=\"introduction__content introduction__content-small\">\n            <div class=\"introduction__image-wrapper\">\n                <div\n                class=\"introduction__image\">\n                                                                        <picture class=\"lazyLoad\">\n                                <img loading=\"lazy\" decoding=\"async\" width=\"948\" height=\"632\" src=\"https:\/\/www.7rsa.pl\/wp-content\/uploads\/Zdjecie-glowne-nr-KARIERA_kolaz_3.webp\" class=\"attachment-fullwidth size-fullwidth\" alt=\"\" srcset=\"https:\/\/www.7rsa.pl\/wp-content\/uploads\/Zdjecie-glowne-nr-KARIERA_kolaz_3.webp 948w, https:\/\/www.7rsa.pl\/wp-content\/uploads\/Zdjecie-glowne-nr-KARIERA_kolaz_3-300x200.webp 300w, https:\/\/www.7rsa.pl\/wp-content\/uploads\/Zdjecie-glowne-nr-KARIERA_kolaz_3-768x512.webp 768w\" sizes=\"auto, (max-width: 948px) 100vw, 948px\" \/>                            <\/picture>\n                                                <svg xmlns=\"http:\/\/www.w3.org\/2000\/svg\" width=\"593.491\" height=\"672.717\"\n                            viewBox=\"0 0 593.491 672.717\">\n                            <defs>\n                                <style>.a7rlogo {\n                                        fill: none;\n                                        stroke: #fff;\n                                        opacity: 0.4;\n                                    }<\/style>\n                            <\/defs>\n                            <path class=\"a7rlogo\"\n                                d=\"M192.407,671.717,350.738,268.541H592.021L539.015,403.176H462.258L356.59,671.717ZM42.337,537.447,201.012,134.27H0L53.006,0H417.858L163.839,646.382Z\"\n                                transform=\"translate(0.735 0.5)\"\/>\n                        <\/svg>\n                                    <\/div>\n                <div class=\"scroll-btn\">\n                    <i class=\"icon-arrow\"><\/i>\n                <\/div>\n                            <\/div>\n            <div class=\"introduction__text text\">\n                                    <h1>Create the career you love<\/h1>\n<h5>We focus on development, cooperation and creativity. By becoming part of our team, you will be able to experience what a friendly working environment and team spirit are.<\/h5>\n                                                                            <a class=\"btn btn--link\" title=\"Find a job offer\"\n                           href=\"https:\/\/www.7rsa.pl\/o-nas\/kariera\/oferty-pracy\/\">\n                            Find a job offer                            <i class=\"icon-arrow\"><\/i>\n                        <\/a>\n                                               <\/div>\n\n                    <\/div>\n    <\/div>\n<\/section>\n\n\n<section class=\"job\">\n<div class=\"container\">\n<h2>We\u2019re waiting for your CV<\/h2>\n<div style=\"margin-top: 40px;\">\n\n\n<script type='text\/javascript' src='https:\/\/skk.erecruiter.pl\/Code.ashx?cfg=50493b18-b2c0-485b-a293-57eb68204c37'><\/script>\n\n\n<\/div>\n<\/div>\n<\/section>\n\n\n<section class=\"join-us \">\n    <div class=\"container\">\n        \n        <!-- {% if editmode %} -->\n        <!-- <h2>{{ pimcore_input('joinus_title', {placeholder: 'Tytu\u0142 Sekcji'}) }}<\/h2>\n        <p>{{ pimcore_input('joinus_desc', {placeholder: 'Opis'}) }}<\/p> -->\n\n        <!-- <div style=\"margin-top: 20px\">{{ pimcore_image('joinus_image', {width: 500}) }}<\/div> -->\n\n        <div class=\"join-us__content\">\n            <picture class=\"join-us__image\" id=\"idpicture\">\n                                    <img decoding=\"async\" data-src=\"https:\/\/www.7rsa.pl\/wp-content\/uploads\/7r_logo_3-scaled.jpg\" width=\"436\" height=\"362\" alt=\"\" loading=\"lazy\" src=\"https:\/\/www.7rsa.pl\/wp-content\/uploads\/7r_logo_3-scaled.jpg\">\n                            <\/picture>\n            <div class=\"join-us__text text\">\n                <svg xmlns=\"http:\/\/www.w3.org\/2000\/svg\" width=\"593.491\" height=\"672.717\" viewBox=\"0 0 593.491 672.717\">\n                    <defs>\n                        <style>\n                            .a7rlogo {\n                                fill: none;\n                                stroke: #fff;\n                                opacity: 0.4;\n                            }\n                        <\/style>\n                    <\/defs>\n                    <path class=\"a7rlogo\" d=\"M192.407,671.717,350.738,268.541H592.021L539.015,403.176H462.258L356.59,671.717ZM42.337,537.447,201.012,134.27H0L53.006,0H417.858L163.839,646.382Z\" transform=\"translate(0.735 0.5)\" \/>\n                <\/svg>\n\n                <h2>Didn&#8217;t find a suitable position?<\/h2>\n                                    <div class=\"join-us__text--description\"><p>Send us your CV, and we&#8217;ll consider your application for future openings!<\/p>\n<p>rekrutacja@7rsa.pl<\/p>\n<\/div>\n                                                <\/div>\n        <\/div>\n    <\/div>\n<\/section>\n\n\n<section class=\"tabs tabs--reversed\"  data-tabs-section>\n    <div class=\"container\">\n        <div class=\"tabs__content\">\n            <div class=\"tabs__image-wrapper\">\n                                    <picture class=\"lazyLoad tabs__image\">\n                        <img loading=\"lazy\" decoding=\"async\" width=\"596\" height=\"551\" src=\"https:\/\/www.7rsa.pl\/wp-content\/uploads\/poznaj-nas-blizej.webp\" class=\"attachment-full size-full\" alt=\"\" srcset=\"https:\/\/www.7rsa.pl\/wp-content\/uploads\/poznaj-nas-blizej.webp 596w, https:\/\/www.7rsa.pl\/wp-content\/uploads\/poznaj-nas-blizej-300x277.webp 300w\" sizes=\"auto, (max-width: 596px) 100vw, 596px\" \/>                    <\/picture>\n                                                <\/div>\n            <div class=\"tabs__text text\">\n                                    <h2>Lets get to know eachother<\/h2>\n                                                    <div class=\"tabs__nav swiper\">\n                        <div class=\"swiper-wrapper\">\n                                                            <div class=\"swiper-slide\">\n                                    <button data-tab-toggler data-tab-id=\"1\" data-tab-active=\"true\">People<\/button>\n                                <\/div>\n                                                                <div class=\"swiper-slide\">\n                                    <button data-tab-toggler data-tab-id=\"2\" >Values<\/button>\n                                <\/div>\n                                                                <div class=\"swiper-slide\">\n                                    <button data-tab-toggler data-tab-id=\"3\" >Team spirit<\/button>\n                                <\/div>\n                                                        <\/div>\n                    <\/div>\n                    <div class=\"tabs__container\">\n                                                    <div class=\"tabs__tab\" data-tab-active=\"true\" data-tab-id=\"1\"><p>7R consists over 170 experts working together to provide customers with top quality products. <span class=\"primary-color\">We are people with passion<\/span>, united not only by common business goals, but also by shared values. We celebrate both corporate and private successes. <span class=\"primary-color\">We learn from<\/span>, motivate and support one another and our community.<\/p>\n<p>As part of the 7R team you will feel that you have a <span class=\"primary-color\">real influence<\/span> on your work and personal development. We can offer you interesting and challenging tasks that will make you an expert in your field.<\/p>\n<\/div>\n                                                    <div class=\"tabs__tab\"  data-tab-id=\"2\"><p>Learn about the values that guide our activity.<\/p>\n<ul>\n<li><span class=\"primary-color\">Innovation and flexibility<\/span> &#8211; we act out of the box and with agility, which can be seen in our day-to-day duties, in the technology of our facilities, in our customer solutions, in the systems that support our work.<\/li>\n<li><span class=\"primary-color\">Sustainability<\/span> &#8211; we care about the local environment and implement solutions that protect our planet.<\/li>\n<li><span class=\"primary-color\">Quality<\/span> &#8211; we are constantly developing in order to continuously improve the quality of our services.<\/li>\n<li><span class=\"primary-color\">Vision<\/span> &#8211; we all look to the future. Our employees excel in creativity and offer visionary solutions.<\/li>\n<li><span class=\"primary-color\">Technologies of the future<\/span> &#8211; thinking about next generations. We create products that are in harmony with their surroundings. We are changing: undergoing a digital transformation and working on modern operating systems.<\/li>\n<li><span class=\"primary-color\">Responsiveness \/ Pro-activeness<\/span> &#8211; we act efficiently and quickly while maintaining the highest market standards.<\/li>\n<\/ul>\n<\/div>\n                                                    <div class=\"tabs__tab\"  data-tab-id=\"3\"><p><span class=\"primary-color\">Energy<\/span> &#8211; we are a young team and enjoy spending time together, both at work and after hours. We meet at Christmas parties, comminuty projects, outings and team building trips.<\/p>\n<p><span class=\"primary-color\">Development<\/span> -we learn from one another on a daily basis. We support each other in difficult projects and are always happy to share knowledge. Clear career path allows you to plan your future.<\/p>\n<p><span class=\"primary-color\">Diversity<\/span> &#8211; 7R is actually the sum of experience gathered by all our employees. We are building diverse teams of professionals who enrich our company with different points of view and different competences.<\/p>\n<p><span class=\"primary-color\">Passions<\/span> &#8211; cycling, hiking, playing volleyball? Sport is definitely one of the common passions of 7R employees. No wonder we have been a partner of sports teams for years. But don\u2019t worry, we value every passion, even if you are a philatelist.<\/p>\n<\/div>\n                                            <\/div>\n                            <\/div>\n        <\/div>\n    <\/div>\n<\/section>\n\n\n<section class=\"services services--secondary\">\n    <div class=\"container\">\n        <div class=\"services__title\">\n                            <h2>Check out what we offer our employees<\/h2>\n                    <\/div>\n    <\/div>\n    <div class=\"services__container\">\n        <div class=\"services__bg\">\n            <svg xmlns=\"http:\/\/www.w3.org\/2000\/svg\" width=\"593.491\" height=\"672.717\"\n                 viewBox=\"0 0 593.491 672.717\">\n                <defs><\/defs>\n                <path class=\"a7rlogo\"\n                      d=\"M192.407,671.717,350.738,268.541H592.021L539.015,403.176H462.258L356.59,671.717ZM42.337,537.447,201.012,134.27H0L53.006,0H417.858L163.839,646.382Z\"\n                      transform=\"translate(0.735 0.5)\"\/>\n            <\/svg>\n        <\/div>\n        <div class=\"container\">\n            <div class=\"services__content\">\n                <div class=\"services__image\">\n                                            <picture class=\"lazyLoad\">\n                            <img loading=\"lazy\" decoding=\"async\" width=\"504\" height=\"456\" src=\"https:\/\/www.7rsa.pl\/wp-content\/uploads\/sprawdz-co-oferujemy_3.png\" class=\"attachment-fullwidth size-fullwidth\" alt=\"\" srcset=\"https:\/\/www.7rsa.pl\/wp-content\/uploads\/sprawdz-co-oferujemy_3.png 504w, https:\/\/www.7rsa.pl\/wp-content\/uploads\/sprawdz-co-oferujemy_3-300x271.png 300w\" sizes=\"auto, (max-width: 504px) 100vw, 504px\" \/>                        <\/picture>\n                                                        <\/div>\n                <div class=\"services__wrapper\">\n                    <div class=\"services__text text\">\n                                                    <ul>\n<li>Stable and competitive employment conditions in a company which is one of the fastest growing commercial developers in Poland<\/li>\n<li>Continuous development through working on projects for clients from various industries<\/li>\n<li>Access to expert knowledge, modern tools and systems necessary to perform your duties<\/li>\n<li>Language training<\/li>\n<li>Private medical insurance<\/li>\n<li>Co-financed Multisport card<\/li>\n<li>Modern class-A office environment<\/li>\n<\/ul>\n                                            <\/div>\n                <\/div>\n            <\/div>\n        <\/div>\n    <\/div>\n<\/section>\n\n\n\n<section class=\"tabs tabs--reversed tabs--secondary\"  data-tabs-section>\n    <div class=\"container\">\n        <div class=\"tabs__content\">\n            <div class=\"tabs__image-wrapper\">\n                                    <picture class=\"lazyLoad tabs__image\">\n                        <img loading=\"lazy\" decoding=\"async\" width=\"400\" height=\"400\" src=\"https:\/\/www.7rsa.pl\/wp-content\/uploads\/agnieszka.imielska@7rsa.pl_3.png\" class=\"attachment-full size-full\" alt=\"\" srcset=\"https:\/\/www.7rsa.pl\/wp-content\/uploads\/agnieszka.imielska@7rsa.pl_3.png 400w, https:\/\/www.7rsa.pl\/wp-content\/uploads\/agnieszka.imielska@7rsa.pl_3-300x300.png 300w, https:\/\/www.7rsa.pl\/wp-content\/uploads\/agnieszka.imielska@7rsa.pl_3-150x150.png 150w\" sizes=\"auto, (max-width: 400px) 100vw, 400px\" \/>                    <\/picture>\n                                            <div class=\"tabs__image-desciption\">\n                            <p><strong>Agnieszka Imielska<strong>, Head of People &amp; Culture<\/p>\n                        <\/div>\n                                                <\/div>\n            <div class=\"tabs__text text\">\n                                    <h2>The recruiting process is easier than you think<\/h2>\n                                                    <div class=\"tabs__nav swiper\">\n                        <div class=\"swiper-wrapper\">\n                                                            <div class=\"swiper-slide\">\n                                    <button data-tab-toggler data-tab-id=\"1\" data-tab-active=\"true\">1. Apply ONLINE<\/button>\n                                <\/div>\n                                                                <div class=\"swiper-slide\">\n                                    <button data-tab-toggler data-tab-id=\"2\" >2. Make yourself know<\/button>\n                                <\/div>\n                                                                <div class=\"swiper-slide\">\n                                    <button data-tab-toggler data-tab-id=\"3\" >3. Decision<\/button>\n                                <\/div>\n                                                        <\/div>\n                    <\/div>\n                    <div class=\"tabs__container\">\n                                                    <div class=\"tabs__tab\" data-tab-active=\"true\" data-tab-id=\"1\"><p>Do you like <strong>sharing your knowledge and experience?<\/strong> Do you have the energy to act and take the initiative? Let us know about you by calling us or sending us your CV. Current job offers can be found on our website, on the Pracuj.pl portal and on LinkedIn. Choose the channel most suitable for you and apply.<\/p>\n<p>Your application will be reviewed by a member of the HR department; <strong>selected people will be invited for a meeting.<\/strong><\/p>\n<\/div>\n                                                    <div class=\"tabs__tab\"  data-tab-id=\"2\"><p>Depending on the type of offer you apply for, we will invite you to <strong>one or two meetings. <\/strong>In the first instance you can expect to speak to someone from the HR department. It will be an opportunity for you to present your competences and <strong>get to know the company and the position.<\/strong><\/p>\n<p>For some positions, we also invite candidates to a <strong>second meeting,<\/strong> when they get to know the people they will be working with at 7R, including their future supervisor.<\/p>\n<\/div>\n                                                    <div class=\"tabs__tab\"  data-tab-id=\"3\"><p>Then it is time for our move, which is to analyse the applications and choose one of the candidates. We are an equal opportunity employer. We will pass you on the <strong>final employment decision.<\/strong> If it is positive, you will receive an offer from us; if you accept it, we will sign the contract together.<\/p>\n<\/div>\n                                            <\/div>\n                            <\/div>\n        <\/div>\n    <\/div>\n<\/section>","protected":false},"excerpt":{"rendered":"<p>We\u2019re waiting for your CV<\/p>\n","protected":false},"author":21,"featured_media":0,"parent":3601,"menu_order":0,"comment_status":"closed","ping_status":"closed","template":"","meta":{"_acf_changed":false,"footnotes":""},"class_list":["post-3991","page","type-page","status-publish","hentry"],"acf":false,"yoast_head":"<!-- This site is optimized with the Yoast SEO plugin v26.9 - https:\/\/yoast.com\/product\/yoast-seo-wordpress\/ -->\n<title>Career - Grupa 7R - deweloper wysokiej jako\u015bci magazyn\u00f3w<\/title>\n<meta name=\"robots\" content=\"index, follow, max-snippet:-1, max-image-preview:large, max-video-preview:-1\" \/>\n<link rel=\"canonical\" href=\"https:\/\/www.7rsa.pl\/en\/about-us\/career\/\" \/>\n<meta property=\"og:locale\" content=\"en_US\" \/>\n<meta property=\"og:type\" content=\"article\" \/>\n<meta property=\"og:title\" content=\"Career - Grupa 7R - deweloper wysokiej jako\u015bci magazyn\u00f3w\" \/>\n<meta property=\"og:description\" content=\"We\u2019re waiting for your CV\" \/>\n<meta property=\"og:url\" content=\"https:\/\/www.7rsa.pl\/en\/about-us\/career\/\" \/>\n<meta property=\"og:site_name\" content=\"Grupa 7R - deweloper wysokiej jako\u015bci magazyn\u00f3w\" \/>\n<meta property=\"article:modified_time\" content=\"2025-01-15T12:07:41+00:00\" \/>\n<meta name=\"twitter:card\" content=\"summary_large_image\" \/>\n<meta name=\"twitter:label1\" content=\"Est. reading time\" \/>\n\t<meta name=\"twitter:data1\" content=\"1 minute\" \/>\n<script type=\"application\/ld+json\" class=\"yoast-schema-graph\">{\"@context\":\"https:\/\/schema.org\",\"@graph\":[{\"@type\":\"WebPage\",\"@id\":\"https:\/\/www.7rsa.pl\/en\/about-us\/career\/\",\"url\":\"https:\/\/www.7rsa.pl\/en\/about-us\/career\/\",\"name\":\"Career - Grupa 7R - deweloper wysokiej jako\u015bci magazyn\u00f3w\",\"isPartOf\":{\"@id\":\"https:\/\/www.7rsa.pl\/en\/#website\"},\"datePublished\":\"2024-01-31T12:08:54+00:00\",\"dateModified\":\"2025-01-15T12:07:41+00:00\",\"breadcrumb\":{\"@id\":\"https:\/\/www.7rsa.pl\/en\/about-us\/career\/#breadcrumb\"},\"inLanguage\":\"en-US\",\"potentialAction\":[{\"@type\":\"ReadAction\",\"target\":[\"https:\/\/www.7rsa.pl\/en\/about-us\/career\/\"]}]},{\"@type\":\"BreadcrumbList\",\"@id\":\"https:\/\/www.7rsa.pl\/en\/about-us\/career\/#breadcrumb\",\"itemListElement\":[{\"@type\":\"ListItem\",\"position\":1,\"name\":\"Home\",\"item\":\"https:\/\/www.7rsa.pl\/en\/\"},{\"@type\":\"ListItem\",\"position\":2,\"name\":\"About us\",\"item\":\"https:\/\/www.7rsa.pl\/en\/about-us\/\"},{\"@type\":\"ListItem\",\"position\":3,\"name\":\"Career\"}]},{\"@type\":\"WebSite\",\"@id\":\"https:\/\/www.7rsa.pl\/en\/#website\",\"url\":\"https:\/\/www.7rsa.pl\/en\/\",\"name\":\"Grupa 7R - deweloper wysokiej jako\u015bci magazyn\u00f3w\",\"description\":\"Magazyny logistyczne i hale magazynowe do wynaj\u0119cia - 7R\",\"potentialAction\":[{\"@type\":\"SearchAction\",\"target\":{\"@type\":\"EntryPoint\",\"urlTemplate\":\"https:\/\/www.7rsa.pl\/en\/?s={search_term_string}\"},\"query-input\":{\"@type\":\"PropertyValueSpecification\",\"valueRequired\":true,\"valueName\":\"search_term_string\"}}],\"inLanguage\":\"en-US\"}]}<\/script>\n<!-- \/ Yoast SEO plugin. -->","yoast_head_json":{"title":"Career - Grupa 7R - deweloper wysokiej jako\u015bci magazyn\u00f3w","robots":{"index":"index","follow":"follow","max-snippet":"max-snippet:-1","max-image-preview":"max-image-preview:large","max-video-preview":"max-video-preview:-1"},"canonical":"https:\/\/www.7rsa.pl\/en\/about-us\/career\/","og_locale":"en_US","og_type":"article","og_title":"Career - Grupa 7R - deweloper wysokiej jako\u015bci magazyn\u00f3w","og_description":"We\u2019re waiting for your CV","og_url":"https:\/\/www.7rsa.pl\/en\/about-us\/career\/","og_site_name":"Grupa 7R - deweloper wysokiej jako\u015bci magazyn\u00f3w","article_modified_time":"2025-01-15T12:07:41+00:00","twitter_card":"summary_large_image","twitter_misc":{"Est. reading time":"1 minute"},"schema":{"@context":"https:\/\/schema.org","@graph":[{"@type":"WebPage","@id":"https:\/\/www.7rsa.pl\/en\/about-us\/career\/","url":"https:\/\/www.7rsa.pl\/en\/about-us\/career\/","name":"Career - Grupa 7R - deweloper wysokiej jako\u015bci magazyn\u00f3w","isPartOf":{"@id":"https:\/\/www.7rsa.pl\/en\/#website"},"datePublished":"2024-01-31T12:08:54+00:00","dateModified":"2025-01-15T12:07:41+00:00","breadcrumb":{"@id":"https:\/\/www.7rsa.pl\/en\/about-us\/career\/#breadcrumb"},"inLanguage":"en-US","potentialAction":[{"@type":"ReadAction","target":["https:\/\/www.7rsa.pl\/en\/about-us\/career\/"]}]},{"@type":"BreadcrumbList","@id":"https:\/\/www.7rsa.pl\/en\/about-us\/career\/#breadcrumb","itemListElement":[{"@type":"ListItem","position":1,"name":"Home","item":"https:\/\/www.7rsa.pl\/en\/"},{"@type":"ListItem","position":2,"name":"About us","item":"https:\/\/www.7rsa.pl\/en\/about-us\/"},{"@type":"ListItem","position":3,"name":"Career"}]},{"@type":"WebSite","@id":"https:\/\/www.7rsa.pl\/en\/#website","url":"https:\/\/www.7rsa.pl\/en\/","name":"Grupa 7R - deweloper wysokiej jako\u015bci magazyn\u00f3w","description":"Magazyny logistyczne i hale magazynowe do wynaj\u0119cia - 7R","potentialAction":[{"@type":"SearchAction","target":{"@type":"EntryPoint","urlTemplate":"https:\/\/www.7rsa.pl\/en\/?s={search_term_string}"},"query-input":{"@type":"PropertyValueSpecification","valueRequired":true,"valueName":"search_term_string"}}],"inLanguage":"en-US"}]}},"_links":{"self":[{"href":"https:\/\/www.7rsa.pl\/en\/wp-json\/wp\/v2\/pages\/3991","targetHints":{"allow":["GET"]}}],"collection":[{"href":"https:\/\/www.7rsa.pl\/en\/wp-json\/wp\/v2\/pages"}],"about":[{"href":"https:\/\/www.7rsa.pl\/en\/wp-json\/wp\/v2\/types\/page"}],"author":[{"embeddable":true,"href":"https:\/\/www.7rsa.pl\/en\/wp-json\/wp\/v2\/users\/21"}],"replies":[{"embeddable":true,"href":"https:\/\/www.7rsa.pl\/en\/wp-json\/wp\/v2\/comments?post=3991"}],"version-history":[{"count":9,"href":"https:\/\/www.7rsa.pl\/en\/wp-json\/wp\/v2\/pages\/3991\/revisions"}],"predecessor-version":[{"id":7111,"href":"https:\/\/www.7rsa.pl\/en\/wp-json\/wp\/v2\/pages\/3991\/revisions\/7111"}],"up":[{"embeddable":true,"href":"https:\/\/www.7rsa.pl\/en\/wp-json\/wp\/v2\/pages\/3601"}],"wp:attachment":[{"href":"https:\/\/www.7rsa.pl\/en\/wp-json\/wp\/v2\/media?parent=3991"}],"curies":[{"name":"wp","href":"https:\/\/api.w.org\/{rel}","templated":true}]}}