{"id":4051,"date":"2024-02-23T11:26:25","date_gmt":"2024-02-23T11:26:25","guid":{"rendered":"https:\/\/84.205.178.176:20443\/?page_id=4051"},"modified":"2024-04-22T10:34:47","modified_gmt":"2024-04-22T10:34:47","slug":"property-management","status":"publish","type":"page","link":"https:\/\/www.7rsa.pl\/en\/products-and-services\/property-management\/","title":{"rendered":"Property Management"},"content":{"rendered":"\n<section class=\"breadcrumbs\">\n    <div class=\"container\">\n        <div class=\"breadcrumbs__mobile\">\n            <a href=\"https:\/\/www.7rsa.pl\" class=\"breadcrumbs__item breadcrumbs__item--link\" title=\"Home page\" target=\"\">\n                <i class=\"icon-arrow\"><\/i>\n                Home page            <\/a>\n        <\/div>\n        <div class=\"breadcrumbs__content\"><i class=\"icon-home\"><\/i><span><span><a href=\"https:\/\/www.7rsa.pl\/en\/\">Home<\/a><\/span><\/span><\/div>    <\/div>\n<\/section>\n\n<section class=\"introduction\">\n    <div class=\"container\">\n        <div\n        class=\"introduction__content introduction__content-small\">\n            <div class=\"introduction__image-wrapper\">\n                <div\n                class=\"introduction__image\">\n                                                                        <picture class=\"lazyLoad\">\n                                <img loading=\"lazy\" decoding=\"async\" width=\"948\" height=\"632\" src=\"https:\/\/www.7rsa.pl\/wp-content\/uploads\/property.png\" class=\"attachment-fullwidth size-fullwidth\" alt=\"\" srcset=\"https:\/\/www.7rsa.pl\/wp-content\/uploads\/property.png 948w, https:\/\/www.7rsa.pl\/wp-content\/uploads\/property-300x200.png 300w, https:\/\/www.7rsa.pl\/wp-content\/uploads\/property-768x512.png 768w\" sizes=\"auto, (max-width: 948px) 100vw, 948px\" \/>                            <\/picture>\n                                                <svg xmlns=\"http:\/\/www.w3.org\/2000\/svg\" width=\"593.491\" height=\"672.717\"\n                            viewBox=\"0 0 593.491 672.717\">\n                            <defs>\n                                <style>.a7rlogo {\n                                        fill: none;\n                                        stroke: #fff;\n                                        opacity: 0.4;\n                                    }<\/style>\n                            <\/defs>\n                            <path class=\"a7rlogo\"\n                                d=\"M192.407,671.717,350.738,268.541H592.021L539.015,403.176H462.258L356.59,671.717ZM42.337,537.447,201.012,134.27H0L53.006,0H417.858L163.839,646.382Z\"\n                                transform=\"translate(0.735 0.5)\"\/>\n                        <\/svg>\n                                    <\/div>\n                <div class=\"scroll-btn\">\n                    <i class=\"icon-arrow\"><\/i>\n                <\/div>\n                            <\/div>\n            <div class=\"introduction__text text\">\n                                    <h1>Property Management 7R<\/h1>\n<p>The property management team at 7R comprises <strong>several experts<\/strong> with many years of experience in managing warehouse and production facilities. What makes us different is our excellent in depth knowledge of the specifics of this type of property. We focus on the use of <strong>modern systems and technology<\/strong> to provide the highest level of service in line with the ESG standards.<\/p>\n<p>Our clients include<strong> tenants, investment funds and private investors.<\/strong> We listen to them and customise our activities to specific needs in order to support the implementation of their business strategy.<\/p>\n<p>We feel <strong>responsible for our planet<\/strong>, so minimising our impact on the environment plays a key role in the way we operate. To this end, we implement <strong>innovative solutions<\/strong> that prevent pollution, improve efficient waste management and increase the <strong>energy efficiency of the facilities.<\/strong><\/p>\n                                           <\/div>\n\n                    <\/div>\n    <\/div>\n<\/section>\n\n\n\n\n\n<section class=\"services services--secondary\">\n    <div class=\"container\">\n        <div class=\"services__title\">\n                            <h2>Discover our strenghts<\/h2>\n                    <\/div>\n    <\/div>\n    <div class=\"services__container\">\n        <div class=\"services__bg\">\n            <svg xmlns=\"http:\/\/www.w3.org\/2000\/svg\" width=\"593.491\" height=\"672.717\"\n                 viewBox=\"0 0 593.491 672.717\">\n                <defs><\/defs>\n                <path class=\"a7rlogo\"\n                      d=\"M192.407,671.717,350.738,268.541H592.021L539.015,403.176H462.258L356.59,671.717ZM42.337,537.447,201.012,134.27H0L53.006,0H417.858L163.839,646.382Z\"\n                      transform=\"translate(0.735 0.5)\"\/>\n            <\/svg>\n        <\/div>\n        <div class=\"container\">\n            <div class=\"services__content\">\n                <div class=\"services__image\">\n                                            <picture class=\"lazyLoad\">\n                            <img loading=\"lazy\" decoding=\"async\" width=\"948\" height=\"639\" src=\"https:\/\/www.7rsa.pl\/wp-content\/uploads\/what-we-do.jpg\" class=\"attachment-fullwidth size-fullwidth\" alt=\"\" srcset=\"https:\/\/www.7rsa.pl\/wp-content\/uploads\/what-we-do.jpg 948w, https:\/\/www.7rsa.pl\/wp-content\/uploads\/what-we-do-300x202.jpg 300w, https:\/\/www.7rsa.pl\/wp-content\/uploads\/what-we-do-768x518.jpg 768w\" sizes=\"auto, (max-width: 948px) 100vw, 948px\" \/>                        <\/picture>\n                                                        <\/div>\n                <div class=\"services__wrapper\">\n                    <div class=\"services__text text\">\n                                                                                                                    <div class=\"services__item\">\n                                                                            <h3><span style=\"color: #e90029\">Knowledge<\/span><\/h3>\n<p>Knowledge of the market, future trends and modern technologies used in warehouses offered by 7R allows us to manage them in the best possible way, which translates into a positive impact on reducing operating costs and generating savings and maximising return on investment for the client.<\/p>\n                                                                    <\/div>\n                                                                                            <div class=\"services__item\">\n                                                                            <h3><span style=\"color: #e90029\">100% attention<\/span><\/h3>\n<p>We listen to our clients and customise our actions to their needs and strategy to be implemented. We avoid stock solutions. We create personalised services that meet specific clients\u2019 expectations. We listen to their needs and ask about their priorities.<\/p>\n                                                                    <\/div>\n                                                                                            <div class=\"services__item\">\n                                                                            <h3><span style=\"color: #e90029\">Building long-term relationships<\/span><\/h3>\n<p>We prepare customised solutions in cooperation with investors. Starting with communication patterns, through workflow optimisation, procurement, up to the development of business plans and reliable reporting based on agreed KPIs. A jointly developed strategy is implemented through daily warehouse management and good cooperation with tenants. Such an approach allows us to build long-term value together and fruitful business relationships.<\/p>\n                                                                    <\/div>\n                                                                                            <div class=\"services__item\">\n                                                                            <h3><span style=\"color: #e90029\">Increasing the value of warehouses<\/span><\/h3>\n<p>We aim to maximise the value of a given property through the appropriate use of technological solutions, lowering operating costs, technical supervision and acting in accordance with the ESG standards.<\/p>\n                                                                    <\/div>\n                                                                                            <div class=\"services__item\">\n                                                                            <h3><span style=\"color: #e90029\">Ethical and transparent operations<\/span><\/h3>\n<p>We provide our clients with property management services in accordance with the highest standards of corporate governance and ethics, which are at the core of our business.<\/p>\n                                                                    <\/div>\n                                                                        <\/div>\n                <\/div>\n            <\/div>\n        <\/div>\n    <\/div>\n<\/section>\n\n\n    <section class=\"text-with-images\">\n        <div class=\"container\">\n                                            <div class=\"text-with-images__item\">\n                    <div class=\"text-with-images__text text\">\n                                                    <h2>Synergy of competencies<\/h2>\n<p>Our management team works in close cooperation with the warehouse space leasing team to achieve the effect of synergy and build good relations with tenants. Redevelopment of specific warehouse spaces or change of fit-outs according to the tenants\u2019 requirements is possible within our cooperation with the Project Management team.<\/p>\n<p>We also create additional value for properties and increase their attractiveness to end investors by working closely with the 7R Capital Markets team.<\/p>\n                                            <\/div>\n                    <div class=\"text-with-images__image\">\n                                                    <picture class=\"lazyLoad image--style-contain\">\n                                <img loading=\"lazy\" decoding=\"async\" width=\"2500\" height=\"993\" src=\"https:\/\/www.7rsa.pl\/wp-content\/uploads\/Grafika_synergia.svg\" class=\"attachment-fullwidth size-fullwidth\" alt=\"\" \/>                            <\/picture>\n                                                <svg xmlns=\"http:\/\/www.w3.org\/2000\/svg\" width=\"593.491\" height=\"672.717\"\n                            viewBox=\"0 0 593.491 672.717\">\n                            <defs>\n                                <style>.a7rlogo {\n                                        fill: none;\n                                        stroke: #fff;\n                                    }<\/style>\n                            <\/defs>\n                            <path class=\"a7rlogo\"\n                                d=\"M192.407,671.717,350.738,268.541H592.021L539.015,403.176H462.258L356.59,671.717ZM42.337,537.447,201.012,134.27H0L53.006,0H417.858L163.839,646.382Z\"\n                                transform=\"translate(0.735 0.5)\"\/>\n                        <\/svg>\n                    <\/div>\n                <\/div>\n                                            <div class=\"text-with-images__item\">\n                    <div class=\"text-with-images__text text\">\n                                                    <h2>Check out our services<\/h2>\n<ul>\n<li>Warehouse and production space management<\/li>\n<li>Lease contract management<\/li>\n<li>Building relationships with tenants<\/li>\n<li>Comprehensive technical supervision<\/li>\n<li>Financial and accounting services, including preparation of budget plans, as well as operational and financial reporting<\/li>\n<li>Optimisation of operating costs, implementation of innovative technologies<\/li>\n<li>Organisation of Project Management services (fit-outs, modernisations, renovations)<\/li>\n<li>Support in the investment process: technical, operational and financial audit<\/li>\n<li>PR and property marketing<\/li>\n<\/ul>\n                                            <\/div>\n                    <div class=\"text-with-images__image\">\n                                                    <picture class=\"lazyLoad\">\n                                <img loading=\"lazy\" decoding=\"async\" width=\"2560\" height=\"1837\" src=\"https:\/\/www.7rsa.pl\/wp-content\/uploads\/hall_warehouse_photo-scaled.jpeg\" class=\"attachment-fullwidth size-fullwidth\" alt=\"\" srcset=\"https:\/\/www.7rsa.pl\/wp-content\/uploads\/hall_warehouse_photo-scaled.jpeg 2560w, https:\/\/www.7rsa.pl\/wp-content\/uploads\/hall_warehouse_photo-300x215.jpeg 300w, https:\/\/www.7rsa.pl\/wp-content\/uploads\/hall_warehouse_photo-1024x735.jpeg 1024w, https:\/\/www.7rsa.pl\/wp-content\/uploads\/hall_warehouse_photo-768x551.jpeg 768w, https:\/\/www.7rsa.pl\/wp-content\/uploads\/hall_warehouse_photo-1536x1102.jpeg 1536w, https:\/\/www.7rsa.pl\/wp-content\/uploads\/hall_warehouse_photo-2048x1470.jpeg 2048w\" sizes=\"auto, (max-width: 2560px) 100vw, 2560px\" \/>                            <\/picture>\n                                                <svg xmlns=\"http:\/\/www.w3.org\/2000\/svg\" width=\"593.491\" height=\"672.717\"\n                            viewBox=\"0 0 593.491 672.717\">\n                            <defs>\n                                <style>.a7rlogo {\n                                        fill: none;\n                                        stroke: #fff;\n                                    }<\/style>\n                            <\/defs>\n                            <path class=\"a7rlogo\"\n                                d=\"M192.407,671.717,350.738,268.541H592.021L539.015,403.176H462.258L356.59,671.717ZM42.337,537.447,201.012,134.27H0L53.006,0H417.858L163.839,646.382Z\"\n                                transform=\"translate(0.735 0.5)\"\/>\n                        <\/svg>\n                    <\/div>\n                <\/div>\n                    <\/div>\n    <\/section>\n\n\n\n<section class=\"join-us join-us--secondary\">\n    <div class=\"container\">\n                    <div class=\"join-us__head\">\n                <h2><\/h2>\n            <\/div>\n        \n        <!-- {% if editmode %} -->\n        <!-- <h2>{{ pimcore_input('joinus_title', {placeholder: 'Tytu\u0142 Sekcji'}) }}<\/h2>\n        <p>{{ pimcore_input('joinus_desc', {placeholder: 'Opis'}) }}<\/p> -->\n\n        <!-- <div style=\"margin-top: 20px\">{{ pimcore_image('joinus_image', {width: 500}) }}<\/div> -->\n\n        <div class=\"join-us__content\">\n            <picture class=\"join-us__image\" id=\"idpicture\">\n                                    <img decoding=\"async\" data-src=\"https:\/\/www.7rsa.pl\/wp-content\/uploads\/Tomasz-Zak_property-management.png\" width=\"436\" height=\"362\" alt=\"\" loading=\"lazy\" src=\"https:\/\/www.7rsa.pl\/wp-content\/uploads\/Tomasz-Zak_property-management.png\">\n                            <\/picture>\n            <div class=\"join-us__text text\">\n                <svg xmlns=\"http:\/\/www.w3.org\/2000\/svg\" width=\"593.491\" height=\"672.717\" viewBox=\"0 0 593.491 672.717\">\n                    <defs>\n                        <style>\n                            .a7rlogo {\n                                fill: none;\n                                stroke: #fff;\n                                opacity: 0.4;\n                            }\n                        <\/style>\n                    <\/defs>\n                    <path class=\"a7rlogo\" d=\"M192.407,671.717,350.738,268.541H592.021L539.015,403.176H462.258L356.59,671.717ZM42.337,537.447,201.012,134.27H0L53.006,0H417.858L163.839,646.382Z\" transform=\"translate(0.735 0.5)\" \/>\n                <\/svg>\n\n                <h2>Looking for support?<\/h2>\n                                                        <div class=\"join-us__text--description\"><p>Please contact one of our experts.<\/p>\n<\/div>\n                                                            <h4><strong>Tomasz \u017bak<\/strong><\/h4>\n                                        <p>Head of Property Management<\/p>\n                                        <a href=\"tel:+48222701393\" class=\"btn btn--secondary\">+48 22 270 13 93<\/a>\n                                                            <a href=\"mailto:tomasz.zak@7rsa.pl\" class=\"btn btn--secondary\">tomasz.zak@7rsa.pl<\/a>\n                    \n                            <\/div>\n        <\/div>\n    <\/div>\n<\/section>","protected":false},"excerpt":{"rendered":"","protected":false},"author":21,"featured_media":0,"parent":3786,"menu_order":0,"comment_status":"closed","ping_status":"closed","template":"","meta":{"_acf_changed":false,"footnotes":""},"class_list":["post-4051","page","type-page","status-publish","hentry"],"acf":false,"yoast_head":"<!-- This site is optimized with the Yoast SEO plugin v26.9 - https:\/\/yoast.com\/product\/yoast-seo-wordpress\/ -->\n<title>Property Management - Grupa 7R - deweloper wysokiej jako\u015bci magazyn\u00f3w<\/title>\n<meta name=\"robots\" content=\"index, follow, max-snippet:-1, max-image-preview:large, max-video-preview:-1\" \/>\n<link rel=\"canonical\" href=\"https:\/\/www.7rsa.pl\/en\/products-and-services\/property-management\/\" \/>\n<meta property=\"og:locale\" content=\"en_US\" \/>\n<meta property=\"og:type\" content=\"article\" \/>\n<meta property=\"og:title\" content=\"Property Management - Grupa 7R - deweloper wysokiej jako\u015bci magazyn\u00f3w\" \/>\n<meta property=\"og:url\" content=\"https:\/\/www.7rsa.pl\/en\/products-and-services\/property-management\/\" \/>\n<meta property=\"og:site_name\" content=\"Grupa 7R - deweloper wysokiej jako\u015bci magazyn\u00f3w\" \/>\n<meta property=\"article:modified_time\" content=\"2024-04-22T10:34:47+00:00\" \/>\n<meta name=\"twitter:card\" content=\"summary_large_image\" \/>\n<script type=\"application\/ld+json\" class=\"yoast-schema-graph\">{\"@context\":\"https:\/\/schema.org\",\"@graph\":[{\"@type\":\"WebPage\",\"@id\":\"https:\/\/www.7rsa.pl\/en\/products-and-services\/property-management\/\",\"url\":\"https:\/\/www.7rsa.pl\/en\/products-and-services\/property-management\/\",\"name\":\"Property Management - Grupa 7R - deweloper wysokiej jako\u015bci magazyn\u00f3w\",\"isPartOf\":{\"@id\":\"https:\/\/www.7rsa.pl\/en\/#website\"},\"datePublished\":\"2024-02-23T11:26:25+00:00\",\"dateModified\":\"2024-04-22T10:34:47+00:00\",\"breadcrumb\":{\"@id\":\"https:\/\/www.7rsa.pl\/en\/products-and-services\/property-management\/#breadcrumb\"},\"inLanguage\":\"en-US\",\"potentialAction\":[{\"@type\":\"ReadAction\",\"target\":[\"https:\/\/www.7rsa.pl\/en\/products-and-services\/property-management\/\"]}]},{\"@type\":\"BreadcrumbList\",\"@id\":\"https:\/\/www.7rsa.pl\/en\/products-and-services\/property-management\/#breadcrumb\",\"itemListElement\":[{\"@type\":\"ListItem\",\"position\":1,\"name\":\"Home\",\"item\":\"https:\/\/www.7rsa.pl\/en\/\"},{\"@type\":\"ListItem\",\"position\":2,\"name\":\"Products\",\"item\":\"https:\/\/www.7rsa.pl\/en\/products-and-services\/\"},{\"@type\":\"ListItem\",\"position\":3,\"name\":\"Property Management\"}]},{\"@type\":\"WebSite\",\"@id\":\"https:\/\/www.7rsa.pl\/en\/#website\",\"url\":\"https:\/\/www.7rsa.pl\/en\/\",\"name\":\"Grupa 7R - deweloper wysokiej jako\u015bci magazyn\u00f3w\",\"description\":\"Magazyny logistyczne i hale magazynowe do wynaj\u0119cia - 7R\",\"potentialAction\":[{\"@type\":\"SearchAction\",\"target\":{\"@type\":\"EntryPoint\",\"urlTemplate\":\"https:\/\/www.7rsa.pl\/en\/?s={search_term_string}\"},\"query-input\":{\"@type\":\"PropertyValueSpecification\",\"valueRequired\":true,\"valueName\":\"search_term_string\"}}],\"inLanguage\":\"en-US\"}]}<\/script>\n<!-- \/ Yoast SEO plugin. -->","yoast_head_json":{"title":"Property Management - Grupa 7R - deweloper wysokiej jako\u015bci magazyn\u00f3w","robots":{"index":"index","follow":"follow","max-snippet":"max-snippet:-1","max-image-preview":"max-image-preview:large","max-video-preview":"max-video-preview:-1"},"canonical":"https:\/\/www.7rsa.pl\/en\/products-and-services\/property-management\/","og_locale":"en_US","og_type":"article","og_title":"Property Management - Grupa 7R - deweloper wysokiej jako\u015bci magazyn\u00f3w","og_url":"https:\/\/www.7rsa.pl\/en\/products-and-services\/property-management\/","og_site_name":"Grupa 7R - deweloper wysokiej jako\u015bci magazyn\u00f3w","article_modified_time":"2024-04-22T10:34:47+00:00","twitter_card":"summary_large_image","schema":{"@context":"https:\/\/schema.org","@graph":[{"@type":"WebPage","@id":"https:\/\/www.7rsa.pl\/en\/products-and-services\/property-management\/","url":"https:\/\/www.7rsa.pl\/en\/products-and-services\/property-management\/","name":"Property Management - Grupa 7R - deweloper wysokiej jako\u015bci magazyn\u00f3w","isPartOf":{"@id":"https:\/\/www.7rsa.pl\/en\/#website"},"datePublished":"2024-02-23T11:26:25+00:00","dateModified":"2024-04-22T10:34:47+00:00","breadcrumb":{"@id":"https:\/\/www.7rsa.pl\/en\/products-and-services\/property-management\/#breadcrumb"},"inLanguage":"en-US","potentialAction":[{"@type":"ReadAction","target":["https:\/\/www.7rsa.pl\/en\/products-and-services\/property-management\/"]}]},{"@type":"BreadcrumbList","@id":"https:\/\/www.7rsa.pl\/en\/products-and-services\/property-management\/#breadcrumb","itemListElement":[{"@type":"ListItem","position":1,"name":"Home","item":"https:\/\/www.7rsa.pl\/en\/"},{"@type":"ListItem","position":2,"name":"Products","item":"https:\/\/www.7rsa.pl\/en\/products-and-services\/"},{"@type":"ListItem","position":3,"name":"Property Management"}]},{"@type":"WebSite","@id":"https:\/\/www.7rsa.pl\/en\/#website","url":"https:\/\/www.7rsa.pl\/en\/","name":"Grupa 7R - deweloper wysokiej jako\u015bci magazyn\u00f3w","description":"Magazyny logistyczne i hale magazynowe do wynaj\u0119cia - 7R","potentialAction":[{"@type":"SearchAction","target":{"@type":"EntryPoint","urlTemplate":"https:\/\/www.7rsa.pl\/en\/?s={search_term_string}"},"query-input":{"@type":"PropertyValueSpecification","valueRequired":true,"valueName":"search_term_string"}}],"inLanguage":"en-US"}]}},"_links":{"self":[{"href":"https:\/\/www.7rsa.pl\/en\/wp-json\/wp\/v2\/pages\/4051","targetHints":{"allow":["GET"]}}],"collection":[{"href":"https:\/\/www.7rsa.pl\/en\/wp-json\/wp\/v2\/pages"}],"about":[{"href":"https:\/\/www.7rsa.pl\/en\/wp-json\/wp\/v2\/types\/page"}],"author":[{"embeddable":true,"href":"https:\/\/www.7rsa.pl\/en\/wp-json\/wp\/v2\/users\/21"}],"replies":[{"embeddable":true,"href":"https:\/\/www.7rsa.pl\/en\/wp-json\/wp\/v2\/comments?post=4051"}],"version-history":[{"count":4,"href":"https:\/\/www.7rsa.pl\/en\/wp-json\/wp\/v2\/pages\/4051\/revisions"}],"predecessor-version":[{"id":5383,"href":"https:\/\/www.7rsa.pl\/en\/wp-json\/wp\/v2\/pages\/4051\/revisions\/5383"}],"up":[{"embeddable":true,"href":"https:\/\/www.7rsa.pl\/en\/wp-json\/wp\/v2\/pages\/3786"}],"wp:attachment":[{"href":"https:\/\/www.7rsa.pl\/en\/wp-json\/wp\/v2\/media?parent=4051"}],"curies":[{"name":"wp","href":"https:\/\/api.w.org\/{rel}","templated":true}]}}