{"id":4054,"date":"2024-01-31T12:04:12","date_gmt":"2024-01-31T12:04:12","guid":{"rendered":"https:\/\/84.205.178.176:20443\/?page_id=4054"},"modified":"2024-03-29T14:24:32","modified_gmt":"2024-03-29T14:24:32","slug":"offer","status":"publish","type":"page","link":"https:\/\/www.7rsa.pl\/en\/offer\/","title":{"rendered":"Offer"},"content":{"rendered":"\n<section class=\"breadcrumbs\">\n    <div class=\"container\">\n        <div class=\"breadcrumbs__mobile\">\n            <a href=\"https:\/\/www.7rsa.pl\" class=\"breadcrumbs__item breadcrumbs__item--link\" title=\"Home page\" target=\"\">\n                <i class=\"icon-arrow\"><\/i>\n                Home page            <\/a>\n        <\/div>\n        <div class=\"breadcrumbs__content\"><i class=\"icon-home\"><\/i><span><span><a href=\"https:\/\/www.7rsa.pl\/en\/\">Home<\/a><\/span><\/span><\/div>    <\/div>\n<\/section>\n\n<section class=\"awards slider-section\">\n    <div class=\"container\">\n                    <h2>Discover our achievements<\/h2>\n                <div class=\"slider-section__content\">\n            <div class=\"awards-swiper swiper\">\n                <div class=\"swiper-wrapper\">\n                                                                                                <div class=\"swiper-slide\">\n                                <div class=\"swiper-slide-content\">\n                                                                            <span>2024<\/span>\n                                                                                                                <picture class=\"lazyLoad\" id=\"idpicture\">\n                                            <img loading=\"lazy\" decoding=\"async\" width=\"800\" height=\"234\" src=\"https:\/\/www.7rsa.pl\/wp-content\/uploads\/eurobuild-awards.webp\" class=\"attachment-fullwidth size-fullwidth\" alt=\"\" srcset=\"https:\/\/www.7rsa.pl\/wp-content\/uploads\/eurobuild-awards.webp 800w, https:\/\/www.7rsa.pl\/wp-content\/uploads\/eurobuild-awards-300x88.webp 300w, https:\/\/www.7rsa.pl\/wp-content\/uploads\/eurobuild-awards-768x225.webp 768w\" sizes=\"auto, (max-width: 800px) 100vw, 800px\" \/>                                        <\/picture>\n                                                                    <\/div>\n                                                                <p>Eurobuild Awards &#8211; Warehouse of the Year for 7R Park Wroc\u0142aw West II<\/p>\n                                                            <\/div>\n                                                                                                                        <div class=\"swiper-slide\">\n                                <div class=\"swiper-slide-content\">\n                                                                            <span>2024<\/span>\n                                                                                                                <picture class=\"lazyLoad\" id=\"idpicture\">\n                                            <img loading=\"lazy\" decoding=\"async\" width=\"1000\" height=\"702\" src=\"https:\/\/www.7rsa.pl\/wp-content\/uploads\/GALA2024_black.png\" class=\"attachment-fullwidth size-fullwidth\" alt=\"\" srcset=\"https:\/\/www.7rsa.pl\/wp-content\/uploads\/GALA2024_black.png 1000w, https:\/\/www.7rsa.pl\/wp-content\/uploads\/GALA2024_black-300x211.png 300w, https:\/\/www.7rsa.pl\/wp-content\/uploads\/GALA2024_black-768x539.png 768w\" sizes=\"auto, (max-width: 1000px) 100vw, 1000px\" \/>                                        <\/picture>\n                                                                    <\/div>\n                                                                <p>Green Designer Award  for 7R Park Wroc\u0142aw West II<\/p>\n                                                            <\/div>\n                                                                                                                        <div class=\"swiper-slide\">\n                                <div class=\"swiper-slide-content\">\n                                                                            <span>2024<\/span>\n                                                                                                                <picture class=\"lazyLoad\" id=\"idpicture\">\n                                            <img loading=\"lazy\" decoding=\"async\" width=\"1700\" height=\"900\" src=\"https:\/\/www.7rsa.pl\/wp-content\/uploads\/PPP_2024_black.jpg\" class=\"attachment-fullwidth size-fullwidth\" alt=\"\" srcset=\"https:\/\/www.7rsa.pl\/wp-content\/uploads\/PPP_2024_black.jpg 1700w, https:\/\/www.7rsa.pl\/wp-content\/uploads\/PPP_2024_black-300x159.jpg 300w, https:\/\/www.7rsa.pl\/wp-content\/uploads\/PPP_2024_black-1024x542.jpg 1024w, https:\/\/www.7rsa.pl\/wp-content\/uploads\/PPP_2024_black-768x407.jpg 768w, https:\/\/www.7rsa.pl\/wp-content\/uploads\/PPP_2024_black-1536x813.jpg 1536w\" sizes=\"auto, (max-width: 1700px) 100vw, 1700px\" \/>                                        <\/picture>\n                                                                    <\/div>\n                                                                <p>Prime Property Prize, Developer of the Year<\/p>\n                                                            <\/div>\n                                                                                                                        <div class=\"swiper-slide\">\n                                <div class=\"swiper-slide-content\">\n                                                                            <span>2023<\/span>\n                                                                                                                <picture class=\"lazyLoad\" id=\"idpicture\">\n                                            <img loading=\"lazy\" decoding=\"async\" width=\"800\" height=\"234\" src=\"https:\/\/www.7rsa.pl\/wp-content\/uploads\/eurobuild20awards_1.png\" class=\"attachment-fullwidth size-fullwidth\" alt=\"\" srcset=\"https:\/\/www.7rsa.pl\/wp-content\/uploads\/eurobuild20awards_1.png 800w, https:\/\/www.7rsa.pl\/wp-content\/uploads\/eurobuild20awards_1-300x88.png 300w, https:\/\/www.7rsa.pl\/wp-content\/uploads\/eurobuild20awards_1-768x225.png 768w\" sizes=\"auto, (max-width: 800px) 100vw, 800px\" \/>                                        <\/picture>\n                                                                    <\/div>\n                                                                <p>Eurobuild Awards &#8211; Investment Deal Of The Year, CEE<\/p>\n                                                            <\/div>\n                                                                                                                        <div class=\"swiper-slide\">\n                                <div class=\"swiper-slide-content\">\n                                                                            <span>2022<\/span>\n                                                                                                                <picture class=\"lazyLoad\" id=\"idpicture\">\n                                            <img loading=\"lazy\" decoding=\"async\" width=\"1192\" height=\"595\" src=\"https:\/\/www.7rsa.pl\/wp-content\/uploads\/PrimePropertyPrize_2022_black.png\" class=\"attachment-fullwidth size-fullwidth\" alt=\"\" srcset=\"https:\/\/www.7rsa.pl\/wp-content\/uploads\/PrimePropertyPrize_2022_black.png 1192w, https:\/\/www.7rsa.pl\/wp-content\/uploads\/PrimePropertyPrize_2022_black-300x150.png 300w, https:\/\/www.7rsa.pl\/wp-content\/uploads\/PrimePropertyPrize_2022_black-1024x511.png 1024w, https:\/\/www.7rsa.pl\/wp-content\/uploads\/PrimePropertyPrize_2022_black-768x383.png 768w\" sizes=\"auto, (max-width: 1192px) 100vw, 1192px\" \/>                                        <\/picture>\n                                                                    <\/div>\n                                                                <p>Prime Property Prize<\/p>\n                                                            <\/div>\n                                                                                                                        <div class=\"swiper-slide\">\n                                <div class=\"swiper-slide-content\">\n                                                                            <span>2021<\/span>\n                                                                                                                <picture class=\"lazyLoad\" id=\"idpicture\">\n                                            <img loading=\"lazy\" decoding=\"async\" width=\"800\" height=\"234\" src=\"https:\/\/www.7rsa.pl\/wp-content\/uploads\/eurobuild20awards_1.png\" class=\"attachment-fullwidth size-fullwidth\" alt=\"\" srcset=\"https:\/\/www.7rsa.pl\/wp-content\/uploads\/eurobuild20awards_1.png 800w, https:\/\/www.7rsa.pl\/wp-content\/uploads\/eurobuild20awards_1-300x88.png 300w, https:\/\/www.7rsa.pl\/wp-content\/uploads\/eurobuild20awards_1-768x225.png 768w\" sizes=\"auto, (max-width: 800px) 100vw, 800px\" \/>                                        <\/picture>\n                                                                    <\/div>\n                                                                <p>Eurobuild Awards<\/p>\n                                                            <\/div>\n                                                                                                                        <div class=\"swiper-slide\">\n                                <div class=\"swiper-slide-content\">\n                                                                            <span>2021<\/span>\n                                                                                                                <picture class=\"lazyLoad\" id=\"idpicture\">\n                                            <img loading=\"lazy\" decoding=\"async\" width=\"1294\" height=\"963\" src=\"https:\/\/www.7rsa.pl\/wp-content\/uploads\/Forbes-2021-04-1.webp\" class=\"attachment-fullwidth size-fullwidth\" alt=\"\" srcset=\"https:\/\/www.7rsa.pl\/wp-content\/uploads\/Forbes-2021-04-1.webp 1294w, https:\/\/www.7rsa.pl\/wp-content\/uploads\/Forbes-2021-04-1-300x223.webp 300w, https:\/\/www.7rsa.pl\/wp-content\/uploads\/Forbes-2021-04-1-1024x762.webp 1024w, https:\/\/www.7rsa.pl\/wp-content\/uploads\/Forbes-2021-04-1-768x572.webp 768w\" sizes=\"auto, (max-width: 1294px) 100vw, 1294px\" \/>                                        <\/picture>\n                                                                    <\/div>\n                                                                <p>Diamenty Forbesa 2021<\/p>\n                                                            <\/div>\n                                                                                                                        <div class=\"swiper-slide\">\n                                <div class=\"swiper-slide-content\">\n                                                                            <span>2020<\/span>\n                                                                                                                <picture class=\"lazyLoad\" id=\"idpicture\">\n                                            <img loading=\"lazy\" decoding=\"async\" width=\"1293\" height=\"963\" src=\"https:\/\/www.7rsa.pl\/wp-content\/uploads\/PPZ2020_1-02202800229.png\" class=\"attachment-fullwidth size-fullwidth\" alt=\"\" srcset=\"https:\/\/www.7rsa.pl\/wp-content\/uploads\/PPZ2020_1-02202800229.png 1293w, https:\/\/www.7rsa.pl\/wp-content\/uploads\/PPZ2020_1-02202800229-300x223.png 300w, https:\/\/www.7rsa.pl\/wp-content\/uploads\/PPZ2020_1-02202800229-1024x763.png 1024w, https:\/\/www.7rsa.pl\/wp-content\/uploads\/PPZ2020_1-02202800229-768x572.png 768w\" sizes=\"auto, (max-width: 1293px) 100vw, 1293px\" \/>                                        <\/picture>\n                                                                    <\/div>\n                                                                <p>Prime Property Prize<\/p>\n                                                            <\/div>\n                                                                                                                        <div class=\"swiper-slide\">\n                                <div class=\"swiper-slide-content\">\n                                                                            <span>2019<\/span>\n                                                                                                                <picture class=\"lazyLoad\" id=\"idpicture\">\n                                            <img loading=\"lazy\" decoding=\"async\" width=\"800\" height=\"234\" src=\"https:\/\/www.7rsa.pl\/wp-content\/uploads\/eurobuild20awards_1.png\" class=\"attachment-fullwidth size-fullwidth\" alt=\"\" srcset=\"https:\/\/www.7rsa.pl\/wp-content\/uploads\/eurobuild20awards_1.png 800w, https:\/\/www.7rsa.pl\/wp-content\/uploads\/eurobuild20awards_1-300x88.png 300w, https:\/\/www.7rsa.pl\/wp-content\/uploads\/eurobuild20awards_1-768x225.png 768w\" sizes=\"auto, (max-width: 800px) 100vw, 800px\" \/>                                        <\/picture>\n                                                                    <\/div>\n                                                                <p>Eurobuild Awards<\/p>\n                                                            <\/div>\n                                                                                                                        <div class=\"swiper-slide\">\n                                <div class=\"swiper-slide-content\">\n                                                                            <span>2019<\/span>\n                                                                                                                <picture class=\"lazyLoad\" id=\"idpicture\">\n                                            <img loading=\"lazy\" decoding=\"async\" width=\"1293\" height=\"963\" src=\"https:\/\/www.7rsa.pl\/wp-content\/uploads\/CEEQA20Rising20Star_www-03202800229.png\" class=\"attachment-fullwidth size-fullwidth\" alt=\"\" srcset=\"https:\/\/www.7rsa.pl\/wp-content\/uploads\/CEEQA20Rising20Star_www-03202800229.png 1293w, https:\/\/www.7rsa.pl\/wp-content\/uploads\/CEEQA20Rising20Star_www-03202800229-300x223.png 300w, https:\/\/www.7rsa.pl\/wp-content\/uploads\/CEEQA20Rising20Star_www-03202800229-1024x763.png 1024w, https:\/\/www.7rsa.pl\/wp-content\/uploads\/CEEQA20Rising20Star_www-03202800229-768x572.png 768w\" sizes=\"auto, (max-width: 1293px) 100vw, 1293px\" \/>                                        <\/picture>\n                                                                    <\/div>\n                                                                <p>CEEQA Rising Star<\/p>\n                                                            <\/div>\n                                                                                                                        <div class=\"swiper-slide\">\n                                <div class=\"swiper-slide-content\">\n                                                                            <span>2018<\/span>\n                                                                                                                <picture class=\"lazyLoad\" id=\"idpicture\">\n                                            <img loading=\"lazy\" decoding=\"async\" width=\"800\" height=\"234\" src=\"https:\/\/www.7rsa.pl\/wp-content\/uploads\/eurobuild20awards_1.png\" class=\"attachment-fullwidth size-fullwidth\" alt=\"\" srcset=\"https:\/\/www.7rsa.pl\/wp-content\/uploads\/eurobuild20awards_1.png 800w, https:\/\/www.7rsa.pl\/wp-content\/uploads\/eurobuild20awards_1-300x88.png 300w, https:\/\/www.7rsa.pl\/wp-content\/uploads\/eurobuild20awards_1-768x225.png 768w\" sizes=\"auto, (max-width: 800px) 100vw, 800px\" \/>                                        <\/picture>\n                                                                    <\/div>\n                                                                <p>Eurobuild Awards<\/p>\n                                                            <\/div>\n                                                                                                                        <div class=\"swiper-slide\">\n                                <div class=\"swiper-slide-content\">\n                                                                            <span>2017<\/span>\n                                                                                                                <picture class=\"lazyLoad\" id=\"idpicture\">\n                                            <img loading=\"lazy\" decoding=\"async\" width=\"800\" height=\"234\" src=\"https:\/\/www.7rsa.pl\/wp-content\/uploads\/eurobuild20awards_1.png\" class=\"attachment-fullwidth size-fullwidth\" alt=\"\" srcset=\"https:\/\/www.7rsa.pl\/wp-content\/uploads\/eurobuild20awards_1.png 800w, https:\/\/www.7rsa.pl\/wp-content\/uploads\/eurobuild20awards_1-300x88.png 300w, https:\/\/www.7rsa.pl\/wp-content\/uploads\/eurobuild20awards_1-768x225.png 768w\" sizes=\"auto, (max-width: 800px) 100vw, 800px\" \/>                                        <\/picture>\n                                                                    <\/div>\n                                                                <p>Eurobuild Awards<\/p>\n                                                            <\/div>\n                                                                                                                        <div class=\"swiper-slide\">\n                                <div class=\"swiper-slide-content\">\n                                                                            <span>2016<\/span>\n                                                                                                                <picture class=\"lazyLoad\" id=\"idpicture\">\n                                            <img loading=\"lazy\" decoding=\"async\" width=\"800\" height=\"234\" src=\"https:\/\/www.7rsa.pl\/wp-content\/uploads\/eurobuild20awards_1.png\" class=\"attachment-fullwidth size-fullwidth\" alt=\"\" srcset=\"https:\/\/www.7rsa.pl\/wp-content\/uploads\/eurobuild20awards_1.png 800w, https:\/\/www.7rsa.pl\/wp-content\/uploads\/eurobuild20awards_1-300x88.png 300w, https:\/\/www.7rsa.pl\/wp-content\/uploads\/eurobuild20awards_1-768x225.png 768w\" sizes=\"auto, (max-width: 800px) 100vw, 800px\" \/>                                        <\/picture>\n                                                                    <\/div>\n                                                                <p>Eurobuild Awards<\/p>\n                                                            <\/div>\n                                                                                                                        <div class=\"swiper-slide\">\n                                <div class=\"swiper-slide-content\">\n                                                                            <span>2016<\/span>\n                                                                                                                <picture class=\"lazyLoad\" id=\"idpicture\">\n                                            <img loading=\"lazy\" decoding=\"async\" width=\"1293\" height=\"963\" src=\"https:\/\/www.7rsa.pl\/wp-content\/uploads\/PPZ2016_1-01202800229.png\" class=\"attachment-fullwidth size-fullwidth\" alt=\"\" srcset=\"https:\/\/www.7rsa.pl\/wp-content\/uploads\/PPZ2016_1-01202800229.png 1293w, https:\/\/www.7rsa.pl\/wp-content\/uploads\/PPZ2016_1-01202800229-300x223.png 300w, https:\/\/www.7rsa.pl\/wp-content\/uploads\/PPZ2016_1-01202800229-1024x763.png 1024w, https:\/\/www.7rsa.pl\/wp-content\/uploads\/PPZ2016_1-01202800229-768x572.png 768w\" sizes=\"auto, (max-width: 1293px) 100vw, 1293px\" \/>                                        <\/picture>\n                                                                    <\/div>\n                                                                <p>Prime Property Prize<\/p>\n                                                            <\/div>\n                                                            <\/div>\n            <\/div>\n            <div class=\"swiper-pagination\">\n                <div class=\"container\"><\/div>\n            <\/div>\n            <button class=\"swiper-button swiper-button-next\"><i class=\"icon-arrow-bold\"><\/i><\/button>\n            <button class=\"swiper-button swiper-button-prev\"><i class=\"icon-arrow-bold\"><\/i><\/button>\n        <\/div>\n    <\/div>\n<\/section>\n","protected":false},"excerpt":{"rendered":"","protected":false},"author":21,"featured_media":0,"parent":0,"menu_order":0,"comment_status":"closed","ping_status":"closed","template":"","meta":{"_acf_changed":false,"footnotes":""},"class_list":["post-4054","page","type-page","status-publish","hentry"],"acf":false,"yoast_head":"<!-- This site is optimized with the Yoast SEO plugin v26.9 - https:\/\/yoast.com\/product\/yoast-seo-wordpress\/ -->\n<title>Offer - Grupa 7R - deweloper wysokiej jako\u015bci magazyn\u00f3w<\/title>\n<meta name=\"robots\" content=\"index, follow, max-snippet:-1, max-image-preview:large, max-video-preview:-1\" \/>\n<link rel=\"canonical\" href=\"https:\/\/www.7rsa.pl\/en\/offer\/\" \/>\n<meta property=\"og:locale\" content=\"en_US\" \/>\n<meta property=\"og:type\" content=\"article\" \/>\n<meta property=\"og:title\" content=\"Offer - Grupa 7R - deweloper wysokiej jako\u015bci magazyn\u00f3w\" \/>\n<meta property=\"og:url\" content=\"https:\/\/www.7rsa.pl\/en\/offer\/\" \/>\n<meta property=\"og:site_name\" content=\"Grupa 7R - deweloper wysokiej jako\u015bci magazyn\u00f3w\" \/>\n<meta property=\"article:modified_time\" content=\"2024-03-29T14:24:32+00:00\" \/>\n<meta name=\"twitter:card\" content=\"summary_large_image\" \/>\n<script type=\"application\/ld+json\" class=\"yoast-schema-graph\">{\"@context\":\"https:\/\/schema.org\",\"@graph\":[{\"@type\":\"WebPage\",\"@id\":\"https:\/\/www.7rsa.pl\/en\/offer\/\",\"url\":\"https:\/\/www.7rsa.pl\/en\/offer\/\",\"name\":\"Offer - Grupa 7R - deweloper wysokiej jako\u015bci magazyn\u00f3w\",\"isPartOf\":{\"@id\":\"https:\/\/www.7rsa.pl\/en\/#website\"},\"datePublished\":\"2024-01-31T12:04:12+00:00\",\"dateModified\":\"2024-03-29T14:24:32+00:00\",\"breadcrumb\":{\"@id\":\"https:\/\/www.7rsa.pl\/en\/offer\/#breadcrumb\"},\"inLanguage\":\"en-US\",\"potentialAction\":[{\"@type\":\"ReadAction\",\"target\":[\"https:\/\/www.7rsa.pl\/en\/offer\/\"]}]},{\"@type\":\"BreadcrumbList\",\"@id\":\"https:\/\/www.7rsa.pl\/en\/offer\/#breadcrumb\",\"itemListElement\":[{\"@type\":\"ListItem\",\"position\":1,\"name\":\"Home\",\"item\":\"https:\/\/www.7rsa.pl\/en\/\"},{\"@type\":\"ListItem\",\"position\":2,\"name\":\"Offer\"}]},{\"@type\":\"WebSite\",\"@id\":\"https:\/\/www.7rsa.pl\/en\/#website\",\"url\":\"https:\/\/www.7rsa.pl\/en\/\",\"name\":\"Grupa 7R - deweloper wysokiej jako\u015bci magazyn\u00f3w\",\"description\":\"Magazyny logistyczne i hale magazynowe do wynaj\u0119cia - 7R\",\"potentialAction\":[{\"@type\":\"SearchAction\",\"target\":{\"@type\":\"EntryPoint\",\"urlTemplate\":\"https:\/\/www.7rsa.pl\/en\/?s={search_term_string}\"},\"query-input\":{\"@type\":\"PropertyValueSpecification\",\"valueRequired\":true,\"valueName\":\"search_term_string\"}}],\"inLanguage\":\"en-US\"}]}<\/script>\n<!-- \/ Yoast SEO plugin. -->","yoast_head_json":{"title":"Offer - Grupa 7R - deweloper wysokiej jako\u015bci magazyn\u00f3w","robots":{"index":"index","follow":"follow","max-snippet":"max-snippet:-1","max-image-preview":"max-image-preview:large","max-video-preview":"max-video-preview:-1"},"canonical":"https:\/\/www.7rsa.pl\/en\/offer\/","og_locale":"en_US","og_type":"article","og_title":"Offer - Grupa 7R - deweloper wysokiej jako\u015bci magazyn\u00f3w","og_url":"https:\/\/www.7rsa.pl\/en\/offer\/","og_site_name":"Grupa 7R - deweloper wysokiej jako\u015bci magazyn\u00f3w","article_modified_time":"2024-03-29T14:24:32+00:00","twitter_card":"summary_large_image","schema":{"@context":"https:\/\/schema.org","@graph":[{"@type":"WebPage","@id":"https:\/\/www.7rsa.pl\/en\/offer\/","url":"https:\/\/www.7rsa.pl\/en\/offer\/","name":"Offer - Grupa 7R - deweloper wysokiej jako\u015bci magazyn\u00f3w","isPartOf":{"@id":"https:\/\/www.7rsa.pl\/en\/#website"},"datePublished":"2024-01-31T12:04:12+00:00","dateModified":"2024-03-29T14:24:32+00:00","breadcrumb":{"@id":"https:\/\/www.7rsa.pl\/en\/offer\/#breadcrumb"},"inLanguage":"en-US","potentialAction":[{"@type":"ReadAction","target":["https:\/\/www.7rsa.pl\/en\/offer\/"]}]},{"@type":"BreadcrumbList","@id":"https:\/\/www.7rsa.pl\/en\/offer\/#breadcrumb","itemListElement":[{"@type":"ListItem","position":1,"name":"Home","item":"https:\/\/www.7rsa.pl\/en\/"},{"@type":"ListItem","position":2,"name":"Offer"}]},{"@type":"WebSite","@id":"https:\/\/www.7rsa.pl\/en\/#website","url":"https:\/\/www.7rsa.pl\/en\/","name":"Grupa 7R - deweloper wysokiej jako\u015bci magazyn\u00f3w","description":"Magazyny logistyczne i hale magazynowe do wynaj\u0119cia - 7R","potentialAction":[{"@type":"SearchAction","target":{"@type":"EntryPoint","urlTemplate":"https:\/\/www.7rsa.pl\/en\/?s={search_term_string}"},"query-input":{"@type":"PropertyValueSpecification","valueRequired":true,"valueName":"search_term_string"}}],"inLanguage":"en-US"}]}},"_links":{"self":[{"href":"https:\/\/www.7rsa.pl\/en\/wp-json\/wp\/v2\/pages\/4054","targetHints":{"allow":["GET"]}}],"collection":[{"href":"https:\/\/www.7rsa.pl\/en\/wp-json\/wp\/v2\/pages"}],"about":[{"href":"https:\/\/www.7rsa.pl\/en\/wp-json\/wp\/v2\/types\/page"}],"author":[{"embeddable":true,"href":"https:\/\/www.7rsa.pl\/en\/wp-json\/wp\/v2\/users\/21"}],"replies":[{"embeddable":true,"href":"https:\/\/www.7rsa.pl\/en\/wp-json\/wp\/v2\/comments?post=4054"}],"version-history":[{"count":2,"href":"https:\/\/www.7rsa.pl\/en\/wp-json\/wp\/v2\/pages\/4054\/revisions"}],"predecessor-version":[{"id":4273,"href":"https:\/\/www.7rsa.pl\/en\/wp-json\/wp\/v2\/pages\/4054\/revisions\/4273"}],"wp:attachment":[{"href":"https:\/\/www.7rsa.pl\/en\/wp-json\/wp\/v2\/media?parent=4054"}],"curies":[{"name":"wp","href":"https:\/\/api.w.org\/{rel}","templated":true}]}}