{"id":6013,"date":"2024-08-21T11:01:43","date_gmt":"2024-08-21T11:01:43","guid":{"rendered":"https:\/\/www.7rsa.pl\/?page_id=6013"},"modified":"2024-08-22T08:38:13","modified_gmt":"2024-08-22T08:38:13","slug":"investors","status":"publish","type":"page","link":"https:\/\/www.7rsa.pl\/en\/investors\/","title":{"rendered":"Invest in 7R"},"content":{"rendered":"\n<section class=\"breadcrumbs\">\n    <div class=\"container\">\n        <div class=\"breadcrumbs__mobile\">\n            <a href=\"https:\/\/www.7rsa.pl\" class=\"breadcrumbs__item breadcrumbs__item--link\" title=\"Home page\" target=\"\">\n                <i class=\"icon-arrow\"><\/i>\n                Home page            <\/a>\n        <\/div>\n        <div class=\"breadcrumbs__content\"><i class=\"icon-home\"><\/i><span><span><a href=\"https:\/\/www.7rsa.pl\/en\/\">Home<\/a><\/span><\/span><\/div>    <\/div>\n<\/section>\n\n<section class=\"introduction\">\n    <div class=\"container\">\n        <div\n        class=\"introduction__content introduction__content-small\">\n            <div class=\"introduction__image-wrapper\">\n                <div\n                class=\"introduction__image\">\n                                                                        <picture class=\"lazyLoad\">\n                                <img loading=\"lazy\" decoding=\"async\" width=\"1613\" height=\"1075\" src=\"https:\/\/www.7rsa.pl\/wp-content\/uploads\/Baner_Relacje-Inwestorskie.png\" class=\"attachment-fullwidth size-fullwidth\" alt=\"\" srcset=\"https:\/\/www.7rsa.pl\/wp-content\/uploads\/Baner_Relacje-Inwestorskie.png 1613w, https:\/\/www.7rsa.pl\/wp-content\/uploads\/Baner_Relacje-Inwestorskie-300x200.png 300w, https:\/\/www.7rsa.pl\/wp-content\/uploads\/Baner_Relacje-Inwestorskie-1024x682.png 1024w, https:\/\/www.7rsa.pl\/wp-content\/uploads\/Baner_Relacje-Inwestorskie-768x512.png 768w, https:\/\/www.7rsa.pl\/wp-content\/uploads\/Baner_Relacje-Inwestorskie-1536x1024.png 1536w\" sizes=\"auto, (max-width: 1613px) 100vw, 1613px\" \/>                            <\/picture>\n                                                <svg xmlns=\"http:\/\/www.w3.org\/2000\/svg\" width=\"593.491\" height=\"672.717\"\n                            viewBox=\"0 0 593.491 672.717\">\n                            <defs>\n                                <style>.a7rlogo {\n                                        fill: none;\n                                        stroke: #fff;\n                                        opacity: 0.4;\n                                    }<\/style>\n                            <\/defs>\n                            <path class=\"a7rlogo\"\n                                d=\"M192.407,671.717,350.738,268.541H592.021L539.015,403.176H462.258L356.59,671.717ZM42.337,537.447,201.012,134.27H0L53.006,0H417.858L163.839,646.382Z\"\n                                transform=\"translate(0.735 0.5)\"\/>\n                        <\/svg>\n                                    <\/div>\n                <div class=\"scroll-btn\">\n                    <i class=\"icon-arrow\"><\/i>\n                <\/div>\n                            <\/div>\n            <div class=\"introduction__text text\">\n                                    <div class=\"introduction__text text\">\n<h1>Investors in 7R<\/h1>\n<p class=\"x_MsoNormal\" data-ogsb=\"white\">\n<\/div>\n                                           <\/div>\n\n                    <\/div>\n    <\/div>\n<\/section>\n\n\n\n<section class=\"contact\">\n    <div class=\"container\">\n        <div class=\"contact__content\">\n                            <h2 data-aos=\"fade-right\">Contact us<\/h2>\n                                        <div class=\"contact__form-cf7\" data-aos=\"fade-left\">\n                    \n<div class=\"wpcf7 no-js\" id=\"wpcf7-f3361-o1\" lang=\"pl-PL\" dir=\"ltr\" data-wpcf7-id=\"3361\">\n<div class=\"screen-reader-response\"><p role=\"status\" aria-live=\"polite\" aria-atomic=\"true\"><\/p> <ul><\/ul><\/div>\n<form action=\"\/en\/wp-json\/wp\/v2\/pages\/6013#wpcf7-f3361-o1\" method=\"post\" class=\"wpcf7-form init contact__form wpcf7-acceptance-as-validation\" aria-label=\"Formularz kontaktowy\" novalidate=\"novalidate\" data-status=\"init\">\n<fieldset class=\"hidden-fields-container\"><input type=\"hidden\" name=\"_wpcf7\" value=\"3361\" \/><input type=\"hidden\" name=\"_wpcf7_version\" value=\"6.1.4\" \/><input type=\"hidden\" name=\"_wpcf7_locale\" value=\"pl_PL\" \/><input type=\"hidden\" name=\"_wpcf7_unit_tag\" value=\"wpcf7-f3361-o1\" \/><input type=\"hidden\" name=\"_wpcf7_container_post\" value=\"0\" \/><input type=\"hidden\" name=\"_wpcf7_posted_data_hash\" value=\"\" \/><input type=\"hidden\" name=\"_wpcf7dtx_version\" value=\"5.0.4\" \/>\n<\/fieldset>\n<div class=\"contact__inputs\">\n    <div class=\"contact__group\">\n        <div class=\"form-group\">\n            <label class=\"form-group__label\"> E-MAIL ADDRESS\n                <span class=\"wpcf7-form-control-wrap\" data-name=\"your-email\"><input size=\"40\" maxlength=\"400\" class=\"wpcf7-form-control wpcf7-email wpcf7-validates-as-required wpcf7-text wpcf7-validates-as-email form-group__input\" id=\"email\" autocomplete=\"email\" aria-required=\"true\" aria-invalid=\"false\" placeholder=\"eg.john@example.com\" value=\"\" type=\"email\" name=\"your-email\" \/><\/span> <\/label>\n        <\/div>\n        <div class=\"form-group\">\n            <label class=\"form-group__label\"> TOPIC\n                <span class=\"wpcf7-form-control-wrap\" data-name=\"your-topics\"><select class=\"wpcf7-form-control wpcf7-select wpcf7-validates-as-required form-group__select\" id=\"topic\" aria-required=\"true\" aria-invalid=\"false\" name=\"your-topics\"><option value=\"\">choose from the list<\/option><option value=\"I want to rent a warehouse\">I want to rent a warehouse<\/option><option value=\"I want to send a business offer\">I want to send a business offer<\/option><option value=\"Other topics\">Other topics<\/option><\/select><\/span> <\/label>\n        <\/div>\n    <\/div>\n    <div class=\"form-group form-group--textarea\">\n        <label class=\"form-group__label\"> CONTENT\n            <span class=\"wpcf7-form-control-wrap\" data-name=\"your-message\"><textarea cols=\"40\" rows=\"10\" maxlength=\"400\" class=\"wpcf7-form-control wpcf7-textarea wpcf7-validates-as-required form-group__input\" id=\"text\" aria-required=\"true\" aria-invalid=\"false\" placeholder=\"Type your question here\" name=\"your-message\"><\/textarea><\/span>\n        <\/label>\n        <span class=\"letter-counter\">0\/400<\/span>\n    <\/div>\n  <\/div>\n<div class=\"contact__footer\">\n        <div>\n            <div class=\"form-group form-group--checkbox\" style=\"visibility: hidden; max-height: 0; pointer-events: none;\">\n                <span class=\"wpcf7-form-control-wrap\" data-name=\"check-all\"><span class=\"wpcf7-form-control wpcf7-checkbox wpcf7-exclusive-checkbox\"><span class=\"wpcf7-list-item first last\"><label><input type=\"checkbox\" name=\"check-all\" value=\"Check all\" \/><span class=\"wpcf7-list-item-label\">Check all<\/span><\/label><\/span><\/span><\/span>\n            <\/div>\n            <div class=\"form-group form-group--checkbox\">\n                <span class=\"wpcf7-form-control-wrap\" data-name=\"acceptance-data\"><span class=\"wpcf7-form-control wpcf7-acceptance\"><span class=\"wpcf7-list-item\"><label><input type=\"checkbox\" name=\"acceptance-data\" value=\"1\" aria-invalid=\"false\" \/><span class=\"wpcf7-list-item-label\">The administrator of the personal data contained in the form is 7R S.A. based in Krak\u00f3w, which can be contacted via email at <a href=\"mailto:administrator.rodo@7rsa.pl\">administrator.rodo@7rsa.pl<\/a>. Providing personal data is voluntary, but necessary to respond to the inquiry. Detailed information on the processing of our personal data can be found in the <a href=\"https:\/\/www.7rsa.pl\/en\/privacy-policy\">Privacy Policy<\/a><\/span><\/label><\/span><\/span><\/span>\n            <\/div>\n            <div class=\"form-group form-group--checkbox\">\n                <span class=\"wpcf7-form-control-wrap\" data-name=\"acceptance-marketing\"><span class=\"wpcf7-form-control wpcf7-acceptance optional\"><span class=\"wpcf7-list-item\"><label><input type=\"checkbox\" name=\"acceptance-marketing\" value=\"1\" aria-invalid=\"false\" \/><span class=\"wpcf7-list-item-label\">I consent to receiving commercial information and marketing materials from 7R S.A. to the email address provided in this form. My data will be processed in accordance with the <a href=\"https:\/\/www.7rsa.pl\/en\/privacy-policy\">Privacy Policy<\/a> *(optional field).<\/span><\/label><\/span><\/span><\/span>\n            <\/div>\n            <div class=\"form-group form-group--checkbox\">\n                <span class=\"wpcf7-form-control-wrap\" data-name=\"acceptance-marketing-share\"><span class=\"wpcf7-form-control wpcf7-acceptance optional\"><span class=\"wpcf7-list-item\"><label><input type=\"checkbox\" name=\"acceptance-marketing-share\" value=\"1\" aria-invalid=\"false\" \/><span class=\"wpcf7-list-item-label\">I consent to receiving commercial information and marketing materials from companies within the 7R group to the email address provided in this form. My data will be processed in accordance with the <a href=\"https:\/\/www.7rsa.pl\/en\/privacy-policy\">Privacy Policy<\/a> *(optional field).<\/span><\/label><\/span><\/span><\/span>\n            <\/div>\n        <\/div>\n        <input class=\"wpcf7-form-control wpcf7-submit has-spinner btn btn--primary\" type=\"submit\" value=\"Send\" \/>\n<\/div><div class=\"wpcf7-response-output\" aria-hidden=\"true\"><\/div>\n<\/form>\n<\/div>\n                <\/div>\n                    <\/div>\n    <\/div>\n<\/section>\n","protected":false},"excerpt":{"rendered":"","protected":false},"author":20,"featured_media":0,"parent":0,"menu_order":0,"comment_status":"closed","ping_status":"closed","template":"","meta":{"_acf_changed":false,"footnotes":""},"class_list":["post-6013","page","type-page","status-publish","hentry"],"acf":false,"yoast_head":"<!-- This site is optimized with the Yoast SEO plugin v26.9 - https:\/\/yoast.com\/product\/yoast-seo-wordpress\/ -->\n<title>Invest in 7R - Grupa 7R - deweloper wysokiej jako\u015bci magazyn\u00f3w<\/title>\n<meta name=\"robots\" content=\"index, follow, max-snippet:-1, max-image-preview:large, max-video-preview:-1\" \/>\n<link rel=\"canonical\" href=\"https:\/\/www.7rsa.pl\/en\/investors\/\" \/>\n<meta property=\"og:locale\" content=\"en_US\" \/>\n<meta property=\"og:type\" content=\"article\" \/>\n<meta property=\"og:title\" content=\"Invest in 7R - Grupa 7R - deweloper wysokiej jako\u015bci magazyn\u00f3w\" \/>\n<meta property=\"og:url\" content=\"https:\/\/www.7rsa.pl\/en\/investors\/\" \/>\n<meta property=\"og:site_name\" content=\"Grupa 7R - deweloper wysokiej jako\u015bci magazyn\u00f3w\" \/>\n<meta property=\"article:modified_time\" content=\"2024-08-22T08:38:13+00:00\" \/>\n<meta name=\"twitter:card\" content=\"summary_large_image\" \/>\n<script type=\"application\/ld+json\" class=\"yoast-schema-graph\">{\"@context\":\"https:\/\/schema.org\",\"@graph\":[{\"@type\":\"WebPage\",\"@id\":\"https:\/\/www.7rsa.pl\/en\/investors\/\",\"url\":\"https:\/\/www.7rsa.pl\/en\/investors\/\",\"name\":\"Invest in 7R - Grupa 7R - deweloper wysokiej jako\u015bci magazyn\u00f3w\",\"isPartOf\":{\"@id\":\"https:\/\/www.7rsa.pl\/en\/#website\"},\"datePublished\":\"2024-08-21T11:01:43+00:00\",\"dateModified\":\"2024-08-22T08:38:13+00:00\",\"breadcrumb\":{\"@id\":\"https:\/\/www.7rsa.pl\/en\/investors\/#breadcrumb\"},\"inLanguage\":\"en-US\",\"potentialAction\":[{\"@type\":\"ReadAction\",\"target\":[\"https:\/\/www.7rsa.pl\/en\/investors\/\"]}]},{\"@type\":\"BreadcrumbList\",\"@id\":\"https:\/\/www.7rsa.pl\/en\/investors\/#breadcrumb\",\"itemListElement\":[{\"@type\":\"ListItem\",\"position\":1,\"name\":\"Home\",\"item\":\"https:\/\/www.7rsa.pl\/en\/\"},{\"@type\":\"ListItem\",\"position\":2,\"name\":\"Invest in 7R\"}]},{\"@type\":\"WebSite\",\"@id\":\"https:\/\/www.7rsa.pl\/en\/#website\",\"url\":\"https:\/\/www.7rsa.pl\/en\/\",\"name\":\"Grupa 7R - deweloper wysokiej jako\u015bci magazyn\u00f3w\",\"description\":\"Magazyny logistyczne i hale magazynowe do wynaj\u0119cia - 7R\",\"potentialAction\":[{\"@type\":\"SearchAction\",\"target\":{\"@type\":\"EntryPoint\",\"urlTemplate\":\"https:\/\/www.7rsa.pl\/en\/?s={search_term_string}\"},\"query-input\":{\"@type\":\"PropertyValueSpecification\",\"valueRequired\":true,\"valueName\":\"search_term_string\"}}],\"inLanguage\":\"en-US\"}]}<\/script>\n<!-- \/ Yoast SEO plugin. -->","yoast_head_json":{"title":"Invest in 7R - Grupa 7R - deweloper wysokiej jako\u015bci magazyn\u00f3w","robots":{"index":"index","follow":"follow","max-snippet":"max-snippet:-1","max-image-preview":"max-image-preview:large","max-video-preview":"max-video-preview:-1"},"canonical":"https:\/\/www.7rsa.pl\/en\/investors\/","og_locale":"en_US","og_type":"article","og_title":"Invest in 7R - Grupa 7R - deweloper wysokiej jako\u015bci magazyn\u00f3w","og_url":"https:\/\/www.7rsa.pl\/en\/investors\/","og_site_name":"Grupa 7R - deweloper wysokiej jako\u015bci magazyn\u00f3w","article_modified_time":"2024-08-22T08:38:13+00:00","twitter_card":"summary_large_image","schema":{"@context":"https:\/\/schema.org","@graph":[{"@type":"WebPage","@id":"https:\/\/www.7rsa.pl\/en\/investors\/","url":"https:\/\/www.7rsa.pl\/en\/investors\/","name":"Invest in 7R - Grupa 7R - deweloper wysokiej jako\u015bci magazyn\u00f3w","isPartOf":{"@id":"https:\/\/www.7rsa.pl\/en\/#website"},"datePublished":"2024-08-21T11:01:43+00:00","dateModified":"2024-08-22T08:38:13+00:00","breadcrumb":{"@id":"https:\/\/www.7rsa.pl\/en\/investors\/#breadcrumb"},"inLanguage":"en-US","potentialAction":[{"@type":"ReadAction","target":["https:\/\/www.7rsa.pl\/en\/investors\/"]}]},{"@type":"BreadcrumbList","@id":"https:\/\/www.7rsa.pl\/en\/investors\/#breadcrumb","itemListElement":[{"@type":"ListItem","position":1,"name":"Home","item":"https:\/\/www.7rsa.pl\/en\/"},{"@type":"ListItem","position":2,"name":"Invest in 7R"}]},{"@type":"WebSite","@id":"https:\/\/www.7rsa.pl\/en\/#website","url":"https:\/\/www.7rsa.pl\/en\/","name":"Grupa 7R - deweloper wysokiej jako\u015bci magazyn\u00f3w","description":"Magazyny logistyczne i hale magazynowe do wynaj\u0119cia - 7R","potentialAction":[{"@type":"SearchAction","target":{"@type":"EntryPoint","urlTemplate":"https:\/\/www.7rsa.pl\/en\/?s={search_term_string}"},"query-input":{"@type":"PropertyValueSpecification","valueRequired":true,"valueName":"search_term_string"}}],"inLanguage":"en-US"}]}},"_links":{"self":[{"href":"https:\/\/www.7rsa.pl\/en\/wp-json\/wp\/v2\/pages\/6013","targetHints":{"allow":["GET"]}}],"collection":[{"href":"https:\/\/www.7rsa.pl\/en\/wp-json\/wp\/v2\/pages"}],"about":[{"href":"https:\/\/www.7rsa.pl\/en\/wp-json\/wp\/v2\/types\/page"}],"author":[{"embeddable":true,"href":"https:\/\/www.7rsa.pl\/en\/wp-json\/wp\/v2\/users\/20"}],"replies":[{"embeddable":true,"href":"https:\/\/www.7rsa.pl\/en\/wp-json\/wp\/v2\/comments?post=6013"}],"version-history":[{"count":3,"href":"https:\/\/www.7rsa.pl\/en\/wp-json\/wp\/v2\/pages\/6013\/revisions"}],"predecessor-version":[{"id":6032,"href":"https:\/\/www.7rsa.pl\/en\/wp-json\/wp\/v2\/pages\/6013\/revisions\/6032"}],"wp:attachment":[{"href":"https:\/\/www.7rsa.pl\/en\/wp-json\/wp\/v2\/media?parent=6013"}],"curies":[{"name":"wp","href":"https:\/\/api.w.org\/{rel}","templated":true}]}}