{"id":6218,"date":"2024-10-11T08:04:50","date_gmt":"2024-10-11T08:04:50","guid":{"rendered":"https:\/\/www.7rsa.pl\/?page_id=6218"},"modified":"2024-10-11T08:54:54","modified_gmt":"2024-10-11T08:54:54","slug":"green-saver","status":"publish","type":"page","link":"https:\/\/www.7rsa.pl\/en\/products-and-services\/green-saver\/","title":{"rendered":"Green Saver"},"content":{"rendered":"\n<section class=\"breadcrumbs\">\n    <div class=\"container\">\n        <div class=\"breadcrumbs__mobile\">\n            <a href=\"https:\/\/www.7rsa.pl\" class=\"breadcrumbs__item breadcrumbs__item--link\" title=\"Home page\" target=\"\">\n                <i class=\"icon-arrow\"><\/i>\n                Home page            <\/a>\n        <\/div>\n        <div class=\"breadcrumbs__content\"><i class=\"icon-home\"><\/i><span><span><a href=\"https:\/\/www.7rsa.pl\/en\/\">Home<\/a><\/span><\/span><\/div>    <\/div>\n<\/section>\n\n<section class=\"introduction introduction--park\">\n    <div class=\"container\">\n        <div\n        class=\"introduction__content\">\n            <div class=\"introduction__image-wrapper\">\n                <div\n                class=\"introduction__image\">\n                                                                        <picture class=\"lazyLoad\">\n                                <img loading=\"lazy\" decoding=\"async\" width=\"2560\" height=\"1438\" src=\"https:\/\/www.7rsa.pl\/wp-content\/uploads\/7_Green_Saver_1-scaled.jpg\" class=\"attachment-fullwidth size-fullwidth\" alt=\"7R Green Saver\" srcset=\"https:\/\/www.7rsa.pl\/wp-content\/uploads\/7_Green_Saver_1-scaled.jpg 2560w, https:\/\/www.7rsa.pl\/wp-content\/uploads\/7_Green_Saver_1-300x168.jpg 300w, https:\/\/www.7rsa.pl\/wp-content\/uploads\/7_Green_Saver_1-1024x575.jpg 1024w, https:\/\/www.7rsa.pl\/wp-content\/uploads\/7_Green_Saver_1-768x431.jpg 768w, https:\/\/www.7rsa.pl\/wp-content\/uploads\/7_Green_Saver_1-1536x863.jpg 1536w, https:\/\/www.7rsa.pl\/wp-content\/uploads\/7_Green_Saver_1-2048x1150.jpg 2048w\" sizes=\"auto, (max-width: 2560px) 100vw, 2560px\" \/>                            <\/picture>\n                                                <svg xmlns=\"http:\/\/www.w3.org\/2000\/svg\" width=\"593.491\" height=\"672.717\"\n                            viewBox=\"0 0 593.491 672.717\">\n                            <defs>\n                                <style>.a7rlogo {\n                                        fill: none;\n                                        stroke: #fff;\n                                        opacity: 0.4;\n                                    }<\/style>\n                            <\/defs>\n                            <path class=\"a7rlogo\"\n                                d=\"M192.407,671.717,350.738,268.541H592.021L539.015,403.176H462.258L356.59,671.717ZM42.337,537.447,201.012,134.27H0L53.006,0H417.858L163.839,646.382Z\"\n                                transform=\"translate(0.735 0.5)\"\/>\n                        <\/svg>\n                                    <\/div>\n                <div class=\"scroll-btn\">\n                    <i class=\"icon-arrow\"><\/i>\n                <\/div>\n                            <\/div>\n            <div class=\"introduction__text text\">\n                                    <h1>Green Saver<\/h1>\n<ul>\n<li>min <strong>50 % r<\/strong>eduction of CO2 emissions*<\/li>\n<li>min <strong>50 %<\/strong> Reduction of primary energy demand**<\/li>\n<li><strong>Savings<\/strong> on operating costs for tenants<\/li>\n<li>Designed to meet <strong>BREEAM Outstanding<\/strong><\/li>\n<\/ul>\n<h6>* compared to buildings developed in accordance with Polish Construction Law<br \/>\n** compared to Polish building code<\/h6>\n                                           <\/div>\n\n                    <\/div>\n    <\/div>\n<\/section>\n\n\n\n<section class=\"services services--secondary\">\n    <div class=\"container\">\n        <div class=\"services__title\">\n                            <h2>Case study<\/h2>\n                    <\/div>\n    <\/div>\n    <div class=\"services__container\">\n        <div class=\"services__bg\">\n            <svg xmlns=\"http:\/\/www.w3.org\/2000\/svg\" width=\"593.491\" height=\"672.717\"\n                 viewBox=\"0 0 593.491 672.717\">\n                <defs><\/defs>\n                <path class=\"a7rlogo\"\n                      d=\"M192.407,671.717,350.738,268.541H592.021L539.015,403.176H462.258L356.59,671.717ZM42.337,537.447,201.012,134.27H0L53.006,0H417.858L163.839,646.382Z\"\n                      transform=\"translate(0.735 0.5)\"\/>\n            <\/svg>\n        <\/div>\n        <div class=\"container\">\n            <div class=\"services__content\">\n                <div class=\"services__image\">\n                                            <picture class=\"lazyLoad\">\n                            <img loading=\"lazy\" decoding=\"async\" width=\"2560\" height=\"1438\" src=\"https:\/\/www.7rsa.pl\/wp-content\/uploads\/1-2-scaled.jpg\" class=\"attachment-fullwidth size-fullwidth\" alt=\"\" srcset=\"https:\/\/www.7rsa.pl\/wp-content\/uploads\/1-2-scaled.jpg 2560w, https:\/\/www.7rsa.pl\/wp-content\/uploads\/1-2-300x169.jpg 300w, https:\/\/www.7rsa.pl\/wp-content\/uploads\/1-2-1024x575.jpg 1024w, https:\/\/www.7rsa.pl\/wp-content\/uploads\/1-2-768x432.jpg 768w, https:\/\/www.7rsa.pl\/wp-content\/uploads\/1-2-1536x863.jpg 1536w, https:\/\/www.7rsa.pl\/wp-content\/uploads\/1-2-2048x1151.jpg 2048w\" sizes=\"auto, (max-width: 2560px) 100vw, 2560px\" \/>                        <\/picture>\n                                                        <\/div>\n                <div class=\"services__wrapper\">\n                    <div class=\"services__text text\">\n                                                                                                                    <div class=\"services__item\">\n                                                                            <h2><b>7R Park Wroc\u0142aw West II<\/b><\/h2>\n<p>Area: <b>44 000 m2<br \/>\n<\/b>Tenant:<b> Yusen<\/b><b> Logistics<br \/>\n<\/b>Certification:<b>BREEAM <\/b><b>Outstanding<\/b><\/p>\n                                                                    <\/div>\n                                                                                            <div class=\"services__item\">\n                                                                            <h3><span style=\"color: #e90029\">The most important green solutions<br \/>\nin the building<br \/>\n<\/span><\/h3>\n<ul>\n<li>heating and ventilation systems with high-efficiency heat pumps and ventilation with heat recovery<\/li>\n<li>advanced BMS control system<\/li>\n<li>energy-efficient LED lighting with DALI control<\/li>\n<li>photovoltaic installation<\/li>\n<li>own energy storage<\/li>\n<\/ul>\n                                                                    <\/div>\n                                                                                            <div class=\"services__item\">\n                                                                            <h3><span style=\"color: #e90029\">Expected result<\/span><\/h3>\n<ul>\n<li>reduction in operational CO2 emissions of more than 50%*<\/li>\n<li>reduced primary energy demand by almost<br \/>\n70% per annum **<\/li>\n<\/ul>\n<h6>* in relation to buildings constructed in accordance with technical conditions under building regulations<br \/>\n** in relation to current regulations, per m2<\/h6>\n<p>&nbsp;<\/p>\n                                                                    <\/div>\n                                                                                            <div class=\"services__item\">\n                                                                            <h3><strong>Highest BREEAM outstanding score<br \/>\n<\/strong><\/h3>\n<p>&nbsp;<\/p>\n<p>7R Park Wroc\u0142aw West II achieved 95,6% in the BREEAM International New Construction Version 6 scheme.<\/p>\n<p>This is the highest score for an industrial building in continental Europe.<\/p>\n<p>The result confirms the effectiveness of the sustainable solutions in the 7R Green Saver line, designed to benefit both tenants and investors.<\/p>\n<p>&nbsp;<\/p>\n<p><a href=\"https:\/\/www.youtube.com\/watch?v=DZvFuv1m4OE\" target=\"_blank\" rel=\"noopener\">Watch the video<\/a><\/p>\n                                                                    <\/div>\n                                                                        <\/div>\n                <\/div>\n            <\/div>\n        <\/div>\n    <\/div>\n<\/section>\n\n\n\n<section class=\"services services--secondary\">\n    <div class=\"container\">\n        <div class=\"services__title\">\n                    <\/div>\n    <\/div>\n    <div class=\"services__container\">\n        <div class=\"services__bg\">\n            <svg xmlns=\"http:\/\/www.w3.org\/2000\/svg\" width=\"593.491\" height=\"672.717\"\n                 viewBox=\"0 0 593.491 672.717\">\n                <defs><\/defs>\n                <path class=\"a7rlogo\"\n                      d=\"M192.407,671.717,350.738,268.541H592.021L539.015,403.176H462.258L356.59,671.717ZM42.337,537.447,201.012,134.27H0L53.006,0H417.858L163.839,646.382Z\"\n                      transform=\"translate(0.735 0.5)\"\/>\n            <\/svg>\n        <\/div>\n        <div class=\"container\">\n            <div class=\"services__content\">\n                <div class=\"services__image\">\n                                            <picture class=\"lazyLoad\">\n                            <img loading=\"lazy\" decoding=\"async\" width=\"2560\" height=\"1024\" src=\"https:\/\/www.7rsa.pl\/wp-content\/uploads\/7R-Park-Przylesie-_wiz2-1-scaled.jpg\" class=\"attachment-fullwidth size-fullwidth\" alt=\"\" srcset=\"https:\/\/www.7rsa.pl\/wp-content\/uploads\/7R-Park-Przylesie-_wiz2-1-scaled.jpg 2560w, https:\/\/www.7rsa.pl\/wp-content\/uploads\/7R-Park-Przylesie-_wiz2-1-300x120.jpg 300w, https:\/\/www.7rsa.pl\/wp-content\/uploads\/7R-Park-Przylesie-_wiz2-1-1024x410.jpg 1024w, https:\/\/www.7rsa.pl\/wp-content\/uploads\/7R-Park-Przylesie-_wiz2-1-768x307.jpg 768w, https:\/\/www.7rsa.pl\/wp-content\/uploads\/7R-Park-Przylesie-_wiz2-1-1536x614.jpg 1536w, https:\/\/www.7rsa.pl\/wp-content\/uploads\/7R-Park-Przylesie-_wiz2-1-2048x819.jpg 2048w\" sizes=\"auto, (max-width: 2560px) 100vw, 2560px\" \/>                        <\/picture>\n                                                        <\/div>\n                <div class=\"services__wrapper\">\n                    <div class=\"services__text text\">\n                                                                                                                    <div class=\"services__item\">\n                                                                            <h2>7R Park Przylesie<\/h2>\n<p>Area: <b>12\u00a0600 m2<br \/>\n<\/b>Tenant: <b>Grupa <\/b><b>Ebersp\u00e4cher<br \/>\n<\/b>Certification:<b>BREEAM <\/b><b>Outstanding<\/b><\/p>\n                                                                    <\/div>\n                                                                                            <div class=\"services__item\">\n                                                                            <p><strong>The most important green solutions<br \/>\nin the building<\/strong><\/p>\n<ul>\n<li>heating and ventilation systems with high-efficiency heat pumps and heat recovery ventilation.<\/li>\n<li>increased airtightness of the building<\/li>\n<li>advanced BMS<\/li>\n<li>energy-efficient LED lighting with DALI control<\/li>\n<li>photovoltaic installation<\/li>\n<li>prepared for own battery energy storage unit<\/li>\n<\/ul>\n                                                                    <\/div>\n                                                                                            <div class=\"services__item\">\n                                                                            <h3><span style=\"color: #e90029\"><strong>Expected result<\/strong><\/span><\/h3>\n<ul>\n<li>reduction in operational CO2 emissions by approx. 50%*.<\/li>\n<li>reduced primary energy demand by up to 70 % per annum**<\/li>\n<\/ul>\n<h6>* compared to buildings constructed in accordance with technical conditions under building regulations<br \/>\n** compared to current regulations, per m2.<\/h6>\n                                                                    <\/div>\n                                                                        <\/div>\n                <\/div>\n            <\/div>\n        <\/div>\n    <\/div>\n<\/section>\n\n\n\n<section class=\"contact --no-bottom-margin\">\n    <div class=\"container\">\n        <div class=\"contact__content\">\n                            <h2 data-aos=\"fade-right\">Contact us<\/h2>\n                                        <div class=\"contact__form-cf7\" data-aos=\"fade-left\">\n                    \n<div class=\"wpcf7 no-js\" id=\"wpcf7-f3361-o1\" lang=\"pl-PL\" dir=\"ltr\" data-wpcf7-id=\"3361\">\n<div class=\"screen-reader-response\"><p role=\"status\" aria-live=\"polite\" aria-atomic=\"true\"><\/p> <ul><\/ul><\/div>\n<form action=\"\/en\/wp-json\/wp\/v2\/pages\/6218#wpcf7-f3361-o1\" method=\"post\" class=\"wpcf7-form init contact__form wpcf7-acceptance-as-validation\" aria-label=\"Formularz kontaktowy\" novalidate=\"novalidate\" data-status=\"init\">\n<fieldset class=\"hidden-fields-container\"><input type=\"hidden\" name=\"_wpcf7\" value=\"3361\" \/><input type=\"hidden\" name=\"_wpcf7_version\" value=\"6.1.4\" \/><input type=\"hidden\" name=\"_wpcf7_locale\" value=\"pl_PL\" \/><input type=\"hidden\" name=\"_wpcf7_unit_tag\" value=\"wpcf7-f3361-o1\" \/><input type=\"hidden\" name=\"_wpcf7_container_post\" value=\"0\" \/><input type=\"hidden\" name=\"_wpcf7_posted_data_hash\" value=\"\" \/><input type=\"hidden\" name=\"_wpcf7dtx_version\" value=\"5.0.4\" \/>\n<\/fieldset>\n<div class=\"contact__inputs\">\n    <div class=\"contact__group\">\n        <div class=\"form-group\">\n            <label class=\"form-group__label\"> E-MAIL ADDRESS\n                <span class=\"wpcf7-form-control-wrap\" data-name=\"your-email\"><input size=\"40\" maxlength=\"400\" class=\"wpcf7-form-control wpcf7-email wpcf7-validates-as-required wpcf7-text wpcf7-validates-as-email form-group__input\" id=\"email\" autocomplete=\"email\" aria-required=\"true\" aria-invalid=\"false\" placeholder=\"eg.john@example.com\" value=\"\" type=\"email\" name=\"your-email\" \/><\/span> <\/label>\n        <\/div>\n        <div class=\"form-group\">\n            <label class=\"form-group__label\"> TOPIC\n                <span class=\"wpcf7-form-control-wrap\" data-name=\"your-topics\"><select class=\"wpcf7-form-control wpcf7-select wpcf7-validates-as-required form-group__select\" id=\"topic\" aria-required=\"true\" aria-invalid=\"false\" name=\"your-topics\"><option value=\"\">choose from the list<\/option><option value=\"I want to rent a warehouse\">I want to rent a warehouse<\/option><option value=\"I want to send a business offer\">I want to send a business offer<\/option><option value=\"Other topics\">Other topics<\/option><\/select><\/span> <\/label>\n        <\/div>\n    <\/div>\n    <div class=\"form-group form-group--textarea\">\n        <label class=\"form-group__label\"> CONTENT\n            <span class=\"wpcf7-form-control-wrap\" data-name=\"your-message\"><textarea cols=\"40\" rows=\"10\" maxlength=\"400\" class=\"wpcf7-form-control wpcf7-textarea wpcf7-validates-as-required form-group__input\" id=\"text\" aria-required=\"true\" aria-invalid=\"false\" placeholder=\"Type your question here\" name=\"your-message\"><\/textarea><\/span>\n        <\/label>\n        <span class=\"letter-counter\">0\/400<\/span>\n    <\/div>\n  <\/div>\n<div class=\"contact__footer\">\n        <div>\n            <div class=\"form-group form-group--checkbox\" style=\"visibility: hidden; max-height: 0; pointer-events: none;\">\n                <span class=\"wpcf7-form-control-wrap\" data-name=\"check-all\"><span class=\"wpcf7-form-control wpcf7-checkbox wpcf7-exclusive-checkbox\"><span class=\"wpcf7-list-item first last\"><label><input type=\"checkbox\" name=\"check-all\" value=\"Check all\" \/><span class=\"wpcf7-list-item-label\">Check all<\/span><\/label><\/span><\/span><\/span>\n            <\/div>\n            <div class=\"form-group form-group--checkbox\">\n                <span class=\"wpcf7-form-control-wrap\" data-name=\"acceptance-data\"><span class=\"wpcf7-form-control wpcf7-acceptance\"><span class=\"wpcf7-list-item\"><label><input type=\"checkbox\" name=\"acceptance-data\" value=\"1\" aria-invalid=\"false\" \/><span class=\"wpcf7-list-item-label\">The administrator of the personal data contained in the form is 7R S.A. based in Krak\u00f3w, which can be contacted via email at <a href=\"mailto:administrator.rodo@7rsa.pl\">administrator.rodo@7rsa.pl<\/a>. Providing personal data is voluntary, but necessary to respond to the inquiry. Detailed information on the processing of our personal data can be found in the <a href=\"https:\/\/www.7rsa.pl\/en\/privacy-policy\">Privacy Policy<\/a><\/span><\/label><\/span><\/span><\/span>\n            <\/div>\n            <div class=\"form-group form-group--checkbox\">\n                <span class=\"wpcf7-form-control-wrap\" data-name=\"acceptance-marketing\"><span class=\"wpcf7-form-control wpcf7-acceptance optional\"><span class=\"wpcf7-list-item\"><label><input type=\"checkbox\" name=\"acceptance-marketing\" value=\"1\" aria-invalid=\"false\" \/><span class=\"wpcf7-list-item-label\">I consent to receiving commercial information and marketing materials from 7R S.A. to the email address provided in this form. My data will be processed in accordance with the <a href=\"https:\/\/www.7rsa.pl\/en\/privacy-policy\">Privacy Policy<\/a> *(optional field).<\/span><\/label><\/span><\/span><\/span>\n            <\/div>\n            <div class=\"form-group form-group--checkbox\">\n                <span class=\"wpcf7-form-control-wrap\" data-name=\"acceptance-marketing-share\"><span class=\"wpcf7-form-control wpcf7-acceptance optional\"><span class=\"wpcf7-list-item\"><label><input type=\"checkbox\" name=\"acceptance-marketing-share\" value=\"1\" aria-invalid=\"false\" \/><span class=\"wpcf7-list-item-label\">I consent to receiving commercial information and marketing materials from companies within the 7R group to the email address provided in this form. My data will be processed in accordance with the <a href=\"https:\/\/www.7rsa.pl\/en\/privacy-policy\">Privacy Policy<\/a> *(optional field).<\/span><\/label><\/span><\/span><\/span>\n            <\/div>\n        <\/div>\n        <input class=\"wpcf7-form-control wpcf7-submit has-spinner btn btn--primary\" type=\"submit\" value=\"Send\" \/>\n<\/div><div class=\"wpcf7-response-output\" aria-hidden=\"true\"><\/div>\n<\/form>\n<\/div>\n                <\/div>\n                    <\/div>\n    <\/div>\n<\/section>\n\n\n\n\n","protected":false},"excerpt":{"rendered":"","protected":false},"author":20,"featured_media":0,"parent":3786,"menu_order":0,"comment_status":"closed","ping_status":"closed","template":"","meta":{"_acf_changed":false,"footnotes":""},"class_list":["post-6218","page","type-page","status-publish","hentry"],"acf":false,"yoast_head":"<!-- This site is optimized with the Yoast SEO plugin v26.9 - https:\/\/yoast.com\/product\/yoast-seo-wordpress\/ -->\n<title>Green Saver - Grupa 7R - deweloper wysokiej jako\u015bci magazyn\u00f3w<\/title>\n<meta name=\"robots\" content=\"index, follow, max-snippet:-1, max-image-preview:large, max-video-preview:-1\" \/>\n<link rel=\"canonical\" href=\"https:\/\/www.7rsa.pl\/en\/products-and-services\/green-saver\/\" \/>\n<meta property=\"og:locale\" content=\"en_US\" \/>\n<meta property=\"og:type\" content=\"article\" \/>\n<meta property=\"og:title\" content=\"Green Saver - Grupa 7R - deweloper wysokiej jako\u015bci magazyn\u00f3w\" \/>\n<meta property=\"og:url\" content=\"https:\/\/www.7rsa.pl\/en\/products-and-services\/green-saver\/\" \/>\n<meta property=\"og:site_name\" content=\"Grupa 7R - deweloper wysokiej jako\u015bci magazyn\u00f3w\" \/>\n<meta property=\"article:modified_time\" content=\"2024-10-11T08:54:54+00:00\" \/>\n<meta name=\"twitter:card\" content=\"summary_large_image\" \/>\n<script type=\"application\/ld+json\" class=\"yoast-schema-graph\">{\"@context\":\"https:\/\/schema.org\",\"@graph\":[{\"@type\":\"WebPage\",\"@id\":\"https:\/\/www.7rsa.pl\/en\/products-and-services\/green-saver\/\",\"url\":\"https:\/\/www.7rsa.pl\/en\/products-and-services\/green-saver\/\",\"name\":\"Green Saver - Grupa 7R - deweloper wysokiej jako\u015bci magazyn\u00f3w\",\"isPartOf\":{\"@id\":\"https:\/\/www.7rsa.pl\/en\/#website\"},\"datePublished\":\"2024-10-11T08:04:50+00:00\",\"dateModified\":\"2024-10-11T08:54:54+00:00\",\"breadcrumb\":{\"@id\":\"https:\/\/www.7rsa.pl\/en\/products-and-services\/green-saver\/#breadcrumb\"},\"inLanguage\":\"en-US\",\"potentialAction\":[{\"@type\":\"ReadAction\",\"target\":[\"https:\/\/www.7rsa.pl\/en\/products-and-services\/green-saver\/\"]}]},{\"@type\":\"BreadcrumbList\",\"@id\":\"https:\/\/www.7rsa.pl\/en\/products-and-services\/green-saver\/#breadcrumb\",\"itemListElement\":[{\"@type\":\"ListItem\",\"position\":1,\"name\":\"Home\",\"item\":\"https:\/\/www.7rsa.pl\/en\/\"},{\"@type\":\"ListItem\",\"position\":2,\"name\":\"Products\",\"item\":\"https:\/\/www.7rsa.pl\/en\/products-and-services\/\"},{\"@type\":\"ListItem\",\"position\":3,\"name\":\"Green Saver\"}]},{\"@type\":\"WebSite\",\"@id\":\"https:\/\/www.7rsa.pl\/en\/#website\",\"url\":\"https:\/\/www.7rsa.pl\/en\/\",\"name\":\"Grupa 7R - deweloper wysokiej jako\u015bci magazyn\u00f3w\",\"description\":\"Magazyny logistyczne i hale magazynowe do wynaj\u0119cia - 7R\",\"potentialAction\":[{\"@type\":\"SearchAction\",\"target\":{\"@type\":\"EntryPoint\",\"urlTemplate\":\"https:\/\/www.7rsa.pl\/en\/?s={search_term_string}\"},\"query-input\":{\"@type\":\"PropertyValueSpecification\",\"valueRequired\":true,\"valueName\":\"search_term_string\"}}],\"inLanguage\":\"en-US\"}]}<\/script>\n<!-- \/ Yoast SEO plugin. -->","yoast_head_json":{"title":"Green Saver - Grupa 7R - deweloper wysokiej jako\u015bci magazyn\u00f3w","robots":{"index":"index","follow":"follow","max-snippet":"max-snippet:-1","max-image-preview":"max-image-preview:large","max-video-preview":"max-video-preview:-1"},"canonical":"https:\/\/www.7rsa.pl\/en\/products-and-services\/green-saver\/","og_locale":"en_US","og_type":"article","og_title":"Green Saver - Grupa 7R - deweloper wysokiej jako\u015bci magazyn\u00f3w","og_url":"https:\/\/www.7rsa.pl\/en\/products-and-services\/green-saver\/","og_site_name":"Grupa 7R - deweloper wysokiej jako\u015bci magazyn\u00f3w","article_modified_time":"2024-10-11T08:54:54+00:00","twitter_card":"summary_large_image","schema":{"@context":"https:\/\/schema.org","@graph":[{"@type":"WebPage","@id":"https:\/\/www.7rsa.pl\/en\/products-and-services\/green-saver\/","url":"https:\/\/www.7rsa.pl\/en\/products-and-services\/green-saver\/","name":"Green Saver - Grupa 7R - deweloper wysokiej jako\u015bci magazyn\u00f3w","isPartOf":{"@id":"https:\/\/www.7rsa.pl\/en\/#website"},"datePublished":"2024-10-11T08:04:50+00:00","dateModified":"2024-10-11T08:54:54+00:00","breadcrumb":{"@id":"https:\/\/www.7rsa.pl\/en\/products-and-services\/green-saver\/#breadcrumb"},"inLanguage":"en-US","potentialAction":[{"@type":"ReadAction","target":["https:\/\/www.7rsa.pl\/en\/products-and-services\/green-saver\/"]}]},{"@type":"BreadcrumbList","@id":"https:\/\/www.7rsa.pl\/en\/products-and-services\/green-saver\/#breadcrumb","itemListElement":[{"@type":"ListItem","position":1,"name":"Home","item":"https:\/\/www.7rsa.pl\/en\/"},{"@type":"ListItem","position":2,"name":"Products","item":"https:\/\/www.7rsa.pl\/en\/products-and-services\/"},{"@type":"ListItem","position":3,"name":"Green Saver"}]},{"@type":"WebSite","@id":"https:\/\/www.7rsa.pl\/en\/#website","url":"https:\/\/www.7rsa.pl\/en\/","name":"Grupa 7R - deweloper wysokiej jako\u015bci magazyn\u00f3w","description":"Magazyny logistyczne i hale magazynowe do wynaj\u0119cia - 7R","potentialAction":[{"@type":"SearchAction","target":{"@type":"EntryPoint","urlTemplate":"https:\/\/www.7rsa.pl\/en\/?s={search_term_string}"},"query-input":{"@type":"PropertyValueSpecification","valueRequired":true,"valueName":"search_term_string"}}],"inLanguage":"en-US"}]}},"_links":{"self":[{"href":"https:\/\/www.7rsa.pl\/en\/wp-json\/wp\/v2\/pages\/6218","targetHints":{"allow":["GET"]}}],"collection":[{"href":"https:\/\/www.7rsa.pl\/en\/wp-json\/wp\/v2\/pages"}],"about":[{"href":"https:\/\/www.7rsa.pl\/en\/wp-json\/wp\/v2\/types\/page"}],"author":[{"embeddable":true,"href":"https:\/\/www.7rsa.pl\/en\/wp-json\/wp\/v2\/users\/20"}],"replies":[{"embeddable":true,"href":"https:\/\/www.7rsa.pl\/en\/wp-json\/wp\/v2\/comments?post=6218"}],"version-history":[{"count":15,"href":"https:\/\/www.7rsa.pl\/en\/wp-json\/wp\/v2\/pages\/6218\/revisions"}],"predecessor-version":[{"id":6356,"href":"https:\/\/www.7rsa.pl\/en\/wp-json\/wp\/v2\/pages\/6218\/revisions\/6356"}],"up":[{"embeddable":true,"href":"https:\/\/www.7rsa.pl\/en\/wp-json\/wp\/v2\/pages\/3786"}],"wp:attachment":[{"href":"https:\/\/www.7rsa.pl\/en\/wp-json\/wp\/v2\/media?parent=6218"}],"curies":[{"name":"wp","href":"https:\/\/api.w.org\/{rel}","templated":true}]}}